{"id":30074,"date":"2025-07-22T16:35:49","date_gmt":"2025-07-22T14:35:49","guid":{"rendered":"https:\/\/clubwellnesshungary.com\/impresszum\/"},"modified":"2026-01-30T17:34:00","modified_gmt":"2026-01-30T16:34:00","slug":"impresszum","status":"publish","type":"page","link":"https:\/\/clubwellnesshungary.com\/de\/impresszum\/","title":{"rendered":"Impressum"},"content":{"rendered":"\n<p><strong>Betreiber<\/strong><br>LT Invest Kft.<\/p>\n\n\n\n<p><strong>Firmensitz<\/strong><br>1118 Budapest, Buda\u00f6rsi \u00fat 131\/b<\/p>\n\n\n\n<p><strong>Firmenbuchnummer:<\/strong> 01-09-935186<br><strong>Steuernummer:<\/strong> 12455919-2-43<br><strong>Kontonummer HUF (OTP HU63):<\/strong> 11712073-20003218-00000000<br><strong>Kontonummer EUR (OTP HU73):<\/strong> 11763127-21902880-00000000<br><strong>SWIFT:<\/strong> OTPVHUHB<\/p>\n\n\n\n<p><strong>B\u00fcro:<\/strong><br>1118 Budapest, Buda\u00f6rsi \u00fat 131\/b<\/p>\n\n\n\n<p><strong>Zentrale Telefonnummern:<\/strong><br>06-1-2481896<br>06-30-947-0825<\/p>\n\n\n\n<p><strong>E-Mail:<\/strong> <a>tothi@ogimex.hu<\/a><\/p>\n\n\n\n<p><strong>Registrierende Beh\u00f6rde<\/strong><br>Zentrales Statistikamt<\/p>\n\n\n\n<p><strong>Angaben zum Hosting-Anbieter<\/strong><br>Rackshost<\/p>\n\n\n\n<p><strong>Rechtlicher Hinweis<\/strong><br>Mit dem \u00d6ffnen der Website sowie durch die Nutzung der Webseite <a href=\"https:\/\/clubwellnesshungary.com\">https:\/\/clubwellnesshungary.com<\/a> und der dazugeh\u00f6rigen Unterseiten akzeptieren Sie die im Impressum, in der Datenschutzerkl\u00e4rung sowie in den Allgemeinen Gesch\u00e4ftsbedingungen enthaltenen Bestimmungen. Der Begriff \u201eNutzer\u201c bezeichnet jede Person, die jederzeit auf die Website zugreift und\/oder sie verwendet.<\/p>\n\n\n\n<p><\/p>\n","protected":false},"excerpt":{"rendered":"<p>BetreiberLT Invest Kft. Firmensitz1118 Budapest, Buda\u00f6rsi \u00fat 131\/b Firmenbuchnummer: 01-09-935186Steuernummer: 12455919-2-43Kontonummer HUF (OTP HU63): 11712073-20003218-00000000Kontonummer EUR (OTP HU73): 11763127-21902880-00000000SWIFT: OTPVHUHB<\/p>\n","protected":false},"author":1,"featured_media":30075,"parent":0,"menu_order":0,"comment_status":"closed","ping_status":"closed","template":"","meta":{"footnotes":""},"class_list":["post-30074","page","type-page","status-publish","has-post-thumbnail","hentry"],"yoast_head":"<!-- This site is optimized with the Yoast SEO Premium plugin v26.8 (Yoast SEO v26.8) - https:\/\/yoast.com\/product\/yoast-seo-premium-wordpress\/ -->\n<title>Impressum | Club Wellness Hungary<\/title>\n<meta name=\"description\" content=\"BetreiberLT Invest Kft. Firmensitz1118 Budapest, Buda\u00f6rsi \u00fat 131\/b Firmenbuchnummer: 01-09-935186Steuernummer: 12455919-2-43Kontonummer HUF (OTP HU63):\" \/>\n<meta name=\"robots\" content=\"index, follow, max-snippet:-1, max-image-preview:large, max-video-preview:-1\" \/>\n<link rel=\"canonical\" href=\"https:\/\/clubwellnesshungary.com\/de\/impresszum\/\" \/>\n<meta property=\"og:locale\" content=\"de_DE\" \/>\n<meta property=\"og:type\" content=\"article\" \/>\n<meta property=\"og:title\" content=\"Impressum | Club Wellness Hungary\" \/>\n<meta property=\"og:description\" content=\"BetreiberLT Invest Kft. Firmensitz1118 Budapest, Buda\u00f6rsi \u00fat 131\/b Firmenbuchnummer: 01-09-935186Steuernummer: 12455919-2-43Kontonummer HUF (OTP HU63):\" \/>\n<meta property=\"og:url\" content=\"https:\/\/clubwellnesshungary.com\/de\/impresszum\/\" \/>\n<meta property=\"og:site_name\" content=\"Club Wellness Hungary\" \/>\n<meta property=\"article:modified_time\" content=\"2026-01-30T16:34:00+00:00\" \/>\n<meta property=\"og:image\" content=\"https:\/\/clubwellnesshungary.com\/wp-content\/uploads\/2021\/10\/travel-blog-img-7.jpg\" \/>\n\t<meta property=\"og:image:width\" content=\"1200\" \/>\n\t<meta property=\"og:image:height\" content=\"742\" \/>\n\t<meta property=\"og:image:type\" content=\"image\/jpeg\" \/>\n<meta name=\"twitter:card\" content=\"summary_large_image\" \/>\n<meta name=\"twitter:label1\" content=\"Gesch\u00e4tzte Lesezeit\" \/>\n\t<meta name=\"twitter:data1\" content=\"1\u00a0Minute\" \/>\n<script type=\"application\/ld+json\" class=\"yoast-schema-graph\">{\"@context\":\"https:\/\/schema.org\",\"@graph\":[{\"@type\":\"WebPage\",\"@id\":\"https:\/\/clubwellnesshungary.com\/de\/impresszum\/\",\"url\":\"https:\/\/clubwellnesshungary.com\/de\/impresszum\/\",\"name\":\"Impressum | Club Wellness Hungary\",\"isPartOf\":{\"@id\":\"https:\/\/clubwellnesshungary.com\/#website\"},\"primaryImageOfPage\":{\"@id\":\"https:\/\/clubwellnesshungary.com\/de\/impresszum\/#primaryimage\"},\"image\":{\"@id\":\"https:\/\/clubwellnesshungary.com\/de\/impresszum\/#primaryimage\"},\"thumbnailUrl\":\"https:\/\/clubwellnesshungary.com\/wp-content\/uploads\/2021\/10\/travel-blog-img-7.jpg\",\"datePublished\":\"2025-07-22T14:35:49+00:00\",\"dateModified\":\"2026-01-30T16:34:00+00:00\",\"description\":\"BetreiberLT Invest Kft. Firmensitz1118 Budapest, Buda\u00f6rsi \u00fat 131\/b Firmenbuchnummer: 01-09-935186Steuernummer: 12455919-2-43Kontonummer HUF (OTP HU63):\",\"breadcrumb\":{\"@id\":\"https:\/\/clubwellnesshungary.com\/de\/impresszum\/#breadcrumb\"},\"inLanguage\":\"de\",\"potentialAction\":[{\"@type\":\"ReadAction\",\"target\":[\"https:\/\/clubwellnesshungary.com\/de\/impresszum\/\"]}]},{\"@type\":\"ImageObject\",\"inLanguage\":\"de\",\"@id\":\"https:\/\/clubwellnesshungary.com\/de\/impresszum\/#primaryimage\",\"url\":\"https:\/\/clubwellnesshungary.com\/wp-content\/uploads\/2021\/10\/travel-blog-img-7.jpg\",\"contentUrl\":\"https:\/\/clubwellnesshungary.com\/wp-content\/uploads\/2021\/10\/travel-blog-img-7.jpg\",\"width\":1200,\"height\":742},{\"@type\":\"BreadcrumbList\",\"@id\":\"https:\/\/clubwellnesshungary.com\/de\/impresszum\/#breadcrumb\",\"itemListElement\":[{\"@type\":\"ListItem\",\"position\":1,\"name\":\"Kezd\u0151lap\",\"item\":\"https:\/\/clubwellnesshungary.com\/\"},{\"@type\":\"ListItem\",\"position\":2,\"name\":\"Impressum\"}]},{\"@type\":\"WebSite\",\"@id\":\"https:\/\/clubwellnesshungary.com\/#website\",\"url\":\"https:\/\/clubwellnesshungary.com\/\",\"name\":\"Club Wellness Hungary\",\"description\":\"A csal\u00e1di \u00fcd\u00fcl\u00e9s!\",\"publisher\":{\"@id\":\"https:\/\/clubwellnesshungary.com\/#organization\"},\"potentialAction\":[{\"@type\":\"SearchAction\",\"target\":{\"@type\":\"EntryPoint\",\"urlTemplate\":\"https:\/\/clubwellnesshungary.com\/?s={search_term_string}\"},\"query-input\":{\"@type\":\"PropertyValueSpecification\",\"valueRequired\":true,\"valueName\":\"search_term_string\"}}],\"inLanguage\":\"de\"},{\"@type\":\"Organization\",\"@id\":\"https:\/\/clubwellnesshungary.com\/#organization\",\"name\":\"Club Wellness Hungary\",\"alternateName\":\"Der Familienurlaub!\",\"url\":\"https:\/\/clubwellnesshungary.com\/\",\"logo\":{\"@type\":\"ImageObject\",\"inLanguage\":\"de\",\"@id\":\"https:\/\/clubwellnesshungary.com\/#\/schema\/logo\/image\/\",\"url\":\"https:\/\/clubwellnesshungary.com\/wp-content\/uploads\/2021\/08\/clubwellnesshungary-1.png\",\"contentUrl\":\"https:\/\/clubwellnesshungary.com\/wp-content\/uploads\/2021\/08\/clubwellnesshungary-1.png\",\"width\":595,\"height\":369,\"caption\":\"Club Wellness Hungary\"},\"image\":{\"@id\":\"https:\/\/clubwellnesshungary.com\/#\/schema\/logo\/image\/\"}}]}<\/script>\n<!-- \/ Yoast SEO Premium plugin. -->","yoast_head_json":{"title":"Impressum | Club Wellness Hungary","description":"BetreiberLT Invest Kft. Firmensitz1118 Budapest, Buda\u00f6rsi \u00fat 131\/b Firmenbuchnummer: 01-09-935186Steuernummer: 12455919-2-43Kontonummer HUF (OTP HU63):","robots":{"index":"index","follow":"follow","max-snippet":"max-snippet:-1","max-image-preview":"max-image-preview:large","max-video-preview":"max-video-preview:-1"},"canonical":"https:\/\/clubwellnesshungary.com\/de\/impresszum\/","og_locale":"de_DE","og_type":"article","og_title":"Impressum | Club Wellness Hungary","og_description":"BetreiberLT Invest Kft. Firmensitz1118 Budapest, Buda\u00f6rsi \u00fat 131\/b Firmenbuchnummer: 01-09-935186Steuernummer: 12455919-2-43Kontonummer HUF (OTP HU63):","og_url":"https:\/\/clubwellnesshungary.com\/de\/impresszum\/","og_site_name":"Club Wellness Hungary","article_modified_time":"2026-01-30T16:34:00+00:00","og_image":[{"width":1200,"height":742,"url":"https:\/\/clubwellnesshungary.com\/wp-content\/uploads\/2021\/10\/travel-blog-img-7.jpg","type":"image\/jpeg"}],"twitter_card":"summary_large_image","twitter_misc":{"Gesch\u00e4tzte Lesezeit":"1\u00a0Minute"},"schema":{"@context":"https:\/\/schema.org","@graph":[{"@type":"WebPage","@id":"https:\/\/clubwellnesshungary.com\/de\/impresszum\/","url":"https:\/\/clubwellnesshungary.com\/de\/impresszum\/","name":"Impressum | Club Wellness Hungary","isPartOf":{"@id":"https:\/\/clubwellnesshungary.com\/#website"},"primaryImageOfPage":{"@id":"https:\/\/clubwellnesshungary.com\/de\/impresszum\/#primaryimage"},"image":{"@id":"https:\/\/clubwellnesshungary.com\/de\/impresszum\/#primaryimage"},"thumbnailUrl":"https:\/\/clubwellnesshungary.com\/wp-content\/uploads\/2021\/10\/travel-blog-img-7.jpg","datePublished":"2025-07-22T14:35:49+00:00","dateModified":"2026-01-30T16:34:00+00:00","description":"BetreiberLT Invest Kft. Firmensitz1118 Budapest, Buda\u00f6rsi \u00fat 131\/b Firmenbuchnummer: 01-09-935186Steuernummer: 12455919-2-43Kontonummer HUF (OTP HU63):","breadcrumb":{"@id":"https:\/\/clubwellnesshungary.com\/de\/impresszum\/#breadcrumb"},"inLanguage":"de","potentialAction":[{"@type":"ReadAction","target":["https:\/\/clubwellnesshungary.com\/de\/impresszum\/"]}]},{"@type":"ImageObject","inLanguage":"de","@id":"https:\/\/clubwellnesshungary.com\/de\/impresszum\/#primaryimage","url":"https:\/\/clubwellnesshungary.com\/wp-content\/uploads\/2021\/10\/travel-blog-img-7.jpg","contentUrl":"https:\/\/clubwellnesshungary.com\/wp-content\/uploads\/2021\/10\/travel-blog-img-7.jpg","width":1200,"height":742},{"@type":"BreadcrumbList","@id":"https:\/\/clubwellnesshungary.com\/de\/impresszum\/#breadcrumb","itemListElement":[{"@type":"ListItem","position":1,"name":"Kezd\u0151lap","item":"https:\/\/clubwellnesshungary.com\/"},{"@type":"ListItem","position":2,"name":"Impressum"}]},{"@type":"WebSite","@id":"https:\/\/clubwellnesshungary.com\/#website","url":"https:\/\/clubwellnesshungary.com\/","name":"Club Wellness Hungary","description":"A csal\u00e1di \u00fcd\u00fcl\u00e9s!","publisher":{"@id":"https:\/\/clubwellnesshungary.com\/#organization"},"potentialAction":[{"@type":"SearchAction","target":{"@type":"EntryPoint","urlTemplate":"https:\/\/clubwellnesshungary.com\/?s={search_term_string}"},"query-input":{"@type":"PropertyValueSpecification","valueRequired":true,"valueName":"search_term_string"}}],"inLanguage":"de"},{"@type":"Organization","@id":"https:\/\/clubwellnesshungary.com\/#organization","name":"Club Wellness Hungary","alternateName":"Der Familienurlaub!","url":"https:\/\/clubwellnesshungary.com\/","logo":{"@type":"ImageObject","inLanguage":"de","@id":"https:\/\/clubwellnesshungary.com\/#\/schema\/logo\/image\/","url":"https:\/\/clubwellnesshungary.com\/wp-content\/uploads\/2021\/08\/clubwellnesshungary-1.png","contentUrl":"https:\/\/clubwellnesshungary.com\/wp-content\/uploads\/2021\/08\/clubwellnesshungary-1.png","width":595,"height":369,"caption":"Club Wellness Hungary"},"image":{"@id":"https:\/\/clubwellnesshungary.com\/#\/schema\/logo\/image\/"}}]}},"_links":{"self":[{"href":"https:\/\/clubwellnesshungary.com\/de\/wp-json\/wp\/v2\/pages\/30074","targetHints":{"allow":["GET"]}}],"collection":[{"href":"https:\/\/clubwellnesshungary.com\/de\/wp-json\/wp\/v2\/pages"}],"about":[{"href":"https:\/\/clubwellnesshungary.com\/de\/wp-json\/wp\/v2\/types\/page"}],"author":[{"embeddable":true,"href":"https:\/\/clubwellnesshungary.com\/de\/wp-json\/wp\/v2\/users\/1"}],"replies":[{"embeddable":true,"href":"https:\/\/clubwellnesshungary.com\/de\/wp-json\/wp\/v2\/comments?post=30074"}],"version-history":[{"count":0,"href":"https:\/\/clubwellnesshungary.com\/de\/wp-json\/wp\/v2\/pages\/30074\/revisions"}],"wp:featuredmedia":[{"embeddable":true,"href":"https:\/\/clubwellnesshungary.com\/de\/wp-json\/wp\/v2\/media\/30075"}],"wp:attachment":[{"href":"https:\/\/clubwellnesshungary.com\/de\/wp-json\/wp\/v2\/media?parent=30074"}],"curies":[{"name":"wp","href":"https:\/\/api.w.org\/{rel}","templated":true}]}}