{"id":30080,"date":"2021-10-12T15:51:09","date_gmt":"2021-10-12T13:51:09","guid":{"rendered":"https:\/\/clubwellnesshungary.com\/rolunk\/"},"modified":"2026-01-31T15:44:02","modified_gmt":"2026-01-31T14:44:02","slug":"rolunk","status":"publish","type":"page","link":"https:\/\/clubwellnesshungary.com\/de\/rolunk\/","title":{"rendered":"\u00dcber uns"},"content":{"rendered":"\t\t<div data-elementor-type=\"wp-page\" data-elementor-id=\"30080\" class=\"elementor elementor-30080 elementor-4400\" data-elementor-post-type=\"page\">\n\t\t\t\t<div class=\"wd-negative-gap elementor-element elementor-element-1c90c3f wd-section-stretch e-flex e-con-boxed e-con e-parent\" data-id=\"1c90c3f\" data-element_type=\"container\" data-settings=\"{&quot;background_background&quot;:&quot;classic&quot;}\">\n\t\t\t\t\t<div class=\"e-con-inner\">\n\t\t\t\t<div class=\"elementor-element elementor-element-5d57672 elementor-widget__width-initial elementor-widget-tablet__width-inherit wd-width-100 elementor-widget elementor-widget-wd_title\" data-id=\"5d57672\" data-element_type=\"widget\" data-widget_type=\"wd_title.default\">\n\t\t\t\t<div class=\"elementor-widget-container\">\n\t\t\t\t\t\t\t<div class=\"title-wrapper wd-set-mb reset-last-child wd-title-color-primary wd-title-style-default wd-title-size-large text-left\">\n\n\t\t\t\t\t\t\t\t\t\t\t<div class=\"title-subtitle subtitle-color-primary subtitle-style-default wd-fontsize-xs\">\n\t\t\t\t\tWellness-Erlebnis an f\u00fcnf Standorten\t\t\t\t<\/div>\n\t\t\t\n\t\t\t<div class=\"liner-continer\">\n\t\t\t\t<h4 class=\"woodmart-title-container title wd-fontsize-xxl\">500 EUR Rabatt, den du wirklich bekommst<\/h4> \n\t\t\t\t\t\t\t<\/div>\n\n\t\t\t\t\t<\/div>\n\t\t\t\t\t\t<\/div>\n\t\t\t\t<\/div>\n\t\t\t\t<div class=\"elementor-element elementor-element-9c05225 elementor-widget__width-initial elementor-widget elementor-widget-wd_infobox\" data-id=\"9c05225\" data-element_type=\"widget\" data-widget_type=\"wd_infobox.default\">\n\t\t\t\t<div class=\"elementor-widget-container\">\n\t\t\t\t\t\t\t<div class=\"info-box-wrapper\">\n\t\t\t<div class=\"wd-info-box text-left box-icon-align-top box-style-base color-scheme-\">\n\t\t\t\t\n\t\t\t\t<div class=\"info-box-content\">\n\t\t\t\t\t\n\t\t\t\t\t\t\t\t\t\t\t<h4\t\t\t\t\t\tclass=\"info-box-title title box-title-style-default wd-fontsize-m\" data-elementor-setting-key=\"title\">\n\t\t\t\t\t\t\t\tUnsere Unterk\u00fcnfte sprechen f\u00fcr sich\t\t\t\t\t\t<\/h4>\n\t\t\t\t\t\n\t\t\t\t\t<div class=\"info-box-inner reset-last-child\"data-elementor-setting-key=\"content\"><p data-start=\"790\" data-end=\"1066\">Zalakaros, Velence, Si\u00f3fok, Dunaszentmikl\u00f3s oder Kroatien?<br \/>Jeder unserer Standorte bietet die perfekte Balance aus Erholung und Komfort. Hochwertige Apartments, \u00fcberdachte Wellnessg\u00e4nge, Strandn\u00e4he und eine familienfreundliche Umgebung erwarten Sie \u2013 unabh\u00e4ngig von der Jahreszeit.<\/p>\n<\/div>\n\n\t\t\t\t\t\t\t\t\t<\/div>\n\n\t\t\t\t\t\t\t<\/div>\n\t\t<\/div>\n\t\t\t\t\t\t<\/div>\n\t\t\t\t<\/div>\n\t\t\t\t<div class=\"elementor-element elementor-element-ec30bde elementor-widget__width-initial elementor-widget elementor-widget-wd_infobox\" data-id=\"ec30bde\" data-element_type=\"widget\" data-widget_type=\"wd_infobox.default\">\n\t\t\t\t<div class=\"elementor-widget-container\">\n\t\t\t\t\t\t\t<div class=\"info-box-wrapper\">\n\t\t\t<div class=\"wd-info-box text-left box-icon-align-top box-style-base color-scheme-\">\n\t\t\t\t\n\t\t\t\t<div class=\"info-box-content\">\n\t\t\t\t\t\n\t\t\t\t\t\t\t\t\t\t\t<h4\t\t\t\t\t\tclass=\"info-box-title title box-title-style-default wd-fontsize-m\" data-elementor-setting-key=\"title\">\n\t\t\t\t\t\t\t\tEchter Wert, kein leeres Versprechen\t\t\t\t\t\t<\/h4>\n\t\t\t\t\t\n\t\t\t\t\t<div class=\"info-box-inner reset-last-child\"data-elementor-setting-key=\"content\"><p data-start=\"390\" data-end=\"661\">**Club Wellness Hungary ist kein Gutschein-Trick und kein Marketingkniff \u2013 sondern ein konkreter, in Geld umwandelbarer Gutschein, der in unseren Premium-Unterk\u00fcnften als echter Rabatt angerechnet wird.**<br \/>**Keine versteckten Geb\u00fchren, kein Kleingedrucktes \u2013 nur echte Ersparnis im Austausch f\u00fcr hochwertige Erholung.**<\/p>\n<\/div>\n\n\t\t\t\t\t\t\t\t\t<\/div>\n\n\t\t\t\t\t\t\t<\/div>\n\t\t<\/div>\n\t\t\t\t\t\t<\/div>\n\t\t\t\t<\/div>\n\t\t\t\t\t<\/div>\n\t\t\t\t<\/div>\n\t\t<div class=\"wd-negative-gap elementor-element elementor-element-7c7c544 e-flex e-con-boxed e-con e-parent\" data-id=\"7c7c544\" data-element_type=\"container\">\n\t\t\t\t\t<div class=\"e-con-inner\">\n\t\t<div class=\"elementor-element elementor-element-e7cb5cd e-con-full e-flex e-con e-child\" data-id=\"e7cb5cd\" data-element_type=\"container\">\n\t\t\t\t<div class=\"elementor-element elementor-element-56aec39 elementor-widget elementor-widget-wd_image_or_svg\" data-id=\"56aec39\" data-element_type=\"widget\" data-widget_type=\"wd_image_or_svg.default\">\n\t\t\t\t<div class=\"elementor-widget-container\">\n\t\t\t\t\t\n\t\t<div class=\"wd-image text-left\">\n\t\t\t\t\t\t\t\t<img loading=\"lazy\" decoding=\"async\" width=\"639\" height=\"480\" src=\"https:\/\/clubwellnesshungary.com\/wp-content\/uploads\/2025\/07\/medence.jpg\" class=\"attachment-full size-full\" alt=\"\" srcset=\"https:\/\/clubwellnesshungary.com\/wp-content\/uploads\/2025\/07\/medence.jpg 639w, https:\/\/clubwellnesshungary.com\/wp-content\/uploads\/2025\/07\/medence-430x323.jpg 430w, https:\/\/clubwellnesshungary.com\/wp-content\/uploads\/2025\/07\/medence-150x113.jpg 150w, https:\/\/clubwellnesshungary.com\/wp-content\/uploads\/2025\/07\/medence-400x300.jpg 400w\" sizes=\"auto, (max-width: 639px) 100vw, 639px\" \/>\t\t\t\t\t<\/div>\n\n\t\t\t\t\t\t<\/div>\n\t\t\t\t<\/div>\n\t\t\t\t<\/div>\n\t\t<div class=\"elementor-element elementor-element-97d6084 e-con-full e-flex e-con e-child\" data-id=\"97d6084\" data-element_type=\"container\">\n\t\t\t\t<div class=\"elementor-element elementor-element-98d830b wd-width-100 elementor-widget elementor-widget-wd_title\" data-id=\"98d830b\" data-element_type=\"widget\" data-widget_type=\"wd_title.default\">\n\t\t\t\t<div class=\"elementor-widget-container\">\n\t\t\t\t\t\t\t<div class=\"title-wrapper wd-set-mb reset-last-child wd-title-color-primary wd-title-style-default wd-title-size-large text-left\">\n\n\t\t\t\t\t\t\t\t\t\t\t<div class=\"title-subtitle subtitle-color-primary subtitle-style-default wd-fontsize-xs\">\n\t\t\t\t\tVorstellung\t\t\t\t<\/div>\n\t\t\t\n\t\t\t<div class=\"liner-continer\">\n\t\t\t\t<h4 class=\"woodmart-title-container title wd-fontsize-xxl\">Wer sind wir?<\/h4> \n\t\t\t\t\t\t\t<\/div>\n\n\t\t\t\t\t\t\t<div class=\"title-after_title reset-last-child wd-fontsize-s\">\n\t\t\t\t\t<p>**Kein automatisiertes System, kein Online-Roboter \u2013 bei uns helfen echte Ansprechpartner.**<br \/>**Egal ob Sie eine Frage haben, buchen oder etwas \u00e4ndern m\u00f6chten \u2013 wir sind telefonisch oder per E-Mail erreichbar und gestalten alles individuell. Deshalb entscheiden sich unsere G\u00e4ste immer wieder f\u00fcr uns.**<\/p>\t\t\t\t<\/div>\n\t\t\t\t\t<\/div>\n\t\t\t\t\t\t<\/div>\n\t\t\t\t<\/div>\n\t\t\t\t<div class=\"elementor-element elementor-element-66e47ad elementor-widget elementor-widget-wd_text_block\" data-id=\"66e47ad\" data-element_type=\"widget\" data-widget_type=\"wd_text_block.default\">\n\t\t\t\t<div class=\"elementor-widget-container\">\n\t\t\t\t\t\t\t<div class=\"wd-text-block reset-last-child text-left\">\n\t\t\t\n\t\t\t<p>**Hinter Club Wellness Hungary steht ein Team, das sich seit \u00fcber einem Jahrzehnt mit dem Betrieb und Vertrieb von Premium-Unterk\u00fcnften besch\u00e4ftigt. Unser Ziel ist es, Erholung in Ungarn und Kroatien f\u00fcr alle zug\u00e4nglich und leistbar zu machen \u2013 ohne Kompromisse.**<\/p><p>**Wir glauben, dass Erholung kein Luxus, sondern eine Notwendigkeit ist. Deshalb haben wir das Club-Wellness-Hungary-System entwickelt: einfach, verst\u00e4ndlich, wertvoll und praktikabel. Bei uns antwortet kein Datenbank- oder Online-Buchungsroboter, sondern echte Menschen \u2013 mit Gastfreundschaft und Fachkompetenz.**<\/p><p>**Mit uns wird die Buchung zum Erlebnis, das Reisen zum Erlebnis \u2013 und das Sparen zur Realit\u00e4t.**<\/p>\n\t\t\t\t\t<\/div>\n\t\t\t\t\t\t<\/div>\n\t\t\t\t<\/div>\n\t\t\t\t<\/div>\n\t\t\t\t\t<\/div>\n\t\t\t\t<\/div>\n\t\t<div class=\"wd-negative-gap elementor-element elementor-element-7bdd369 e-flex e-con-boxed e-con e-parent\" data-id=\"7bdd369\" data-element_type=\"container\">\n\t\t\t\t\t<div class=\"e-con-inner\">\n\t\t\t\t<div class=\"elementor-element elementor-element-2c588a5 wd-width-100 elementor-widget elementor-widget-wd_title\" data-id=\"2c588a5\" data-element_type=\"widget\" data-widget_type=\"wd_title.default\">\n\t\t\t\t<div class=\"elementor-widget-container\">\n\t\t\t\t\t\t\t<div class=\"title-wrapper wd-set-mb reset-last-child wd-title-color-primary wd-title-style-default wd-title-size-large text-center\">\n\n\t\t\t\t\t\t\t\t\t\t\t<div class=\"title-subtitle subtitle-color-primary subtitle-style-default wd-fontsize-xs\">\n\t\t\t\t\tWerden auch Sie Partner von Club Wellness Hungary und pr\u00e4sentieren Sie Ihre Unterkunft tausenden aktiven, erholungsbereiten G\u00e4sten!\t\t\t\t<\/div>\n\t\t\t\n\t\t\t<div class=\"liner-continer\">\n\t\t\t\t<h4 class=\"woodmart-title-container title wd-fontsize-xxl\">\ud83c\udfe8 M\u00f6chten Sie, dass auch Ihr Hotel bei uns vertreten ist?<\/h4> \n\t\t\t\t\t\t\t<\/div>\n\n\t\t\t\t\t\t\t<div class=\"title-after_title reset-last-child wd-fontsize-s\">\n\t\t\t\t\t<p>\u2705 Premium-Zielgruppe \u2013 bewusste, qualit\u00e4tsorientierte Reisende<br \/>\u2705 Gezielte Pr\u00e4senz \u2013 keine allgemeine Sammelseite, sondern eine spezialisierte Erholungsplattform<br \/>\u2705 Flexible Zusammenarbeit \u2013 provisionsbasiertes oder paketbasiertes Kooperationsmodell<br \/>\u2705 Zus\u00e4tzliches Marketing \u2013 Blogbeitr\u00e4ge, Newsletter und Social-Media-Kampagnen<\/p>\t\t\t\t<\/div>\n\t\t\t\t\t<\/div>\n\t\t\t\t\t\t<\/div>\n\t\t\t\t<\/div>\n\t\t\t\t\t<\/div>\n\t\t\t\t<\/div>\n\t\t\t\t<\/div>\n\t\t","protected":false},"excerpt":{"rendered":"<p>Wellness-Erlebnis an f\u00fcnf Standorten 500 EUR Rabatt, den du wirklich bekommst Unsere Unterk\u00fcnfte sprechen f\u00fcr sich Zalakaros, Velence, Si\u00f3fok, Dunaszentmikl\u00f3s<\/p>\n","protected":false},"author":1,"featured_media":0,"parent":0,"menu_order":0,"comment_status":"closed","ping_status":"closed","template":"","meta":{"footnotes":""},"class_list":["post-30080","page","type-page","status-publish","hentry"],"yoast_head":"<!-- This site is optimized with the Yoast SEO Premium plugin v26.8 (Yoast SEO v26.8) - https:\/\/yoast.com\/product\/yoast-seo-premium-wordpress\/ -->\n<title>\u00dcber uns | Club Wellness Hungary<\/title>\n<meta name=\"description\" content=\"Wellness-Erlebnis an f\u00fcnf Standorten 500 EUR Rabatt, den du wirklich bekommst Unsere Unterk\u00fcnfte sprechen f\u00fcr sich Zalakaros, Velence, Si\u00f3fok,\" \/>\n<meta name=\"robots\" content=\"index, follow, max-snippet:-1, max-image-preview:large, max-video-preview:-1\" \/>\n<link rel=\"canonical\" href=\"https:\/\/clubwellnesshungary.com\/rolunk\/\" \/>\n<meta property=\"og:locale\" content=\"de_DE\" \/>\n<meta property=\"og:type\" content=\"article\" \/>\n<meta property=\"og:title\" content=\"\u00dcber uns | Club Wellness Hungary\" \/>\n<meta property=\"og:description\" content=\"Wellness-Erlebnis an f\u00fcnf Standorten 500 EUR Rabatt, den du wirklich bekommst Unsere Unterk\u00fcnfte sprechen f\u00fcr sich Zalakaros, Velence, Si\u00f3fok,\" \/>\n<meta property=\"og:url\" content=\"https:\/\/clubwellnesshungary.com\/rolunk\/\" \/>\n<meta property=\"og:site_name\" content=\"Club Wellness Hungary\" \/>\n<meta property=\"article:modified_time\" content=\"2026-01-31T14:44:02+00:00\" \/>\n<meta property=\"og:image\" content=\"https:\/\/clubwellnesshungary.com\/wp-content\/uploads\/2025\/07\/medence.jpg\" \/>\n<meta name=\"twitter:card\" content=\"summary_large_image\" \/>\n<meta name=\"twitter:label1\" content=\"Gesch\u00e4tzte Lesezeit\" \/>\n\t<meta name=\"twitter:data1\" content=\"2\u00a0Minuten\" \/>\n<script type=\"application\/ld+json\" class=\"yoast-schema-graph\">{\"@context\":\"https:\/\/schema.org\",\"@graph\":[{\"@type\":\"WebPage\",\"@id\":\"https:\/\/clubwellnesshungary.com\/rolunk\/\",\"url\":\"https:\/\/clubwellnesshungary.com\/rolunk\/\",\"name\":\"\u00dcber uns | Club Wellness Hungary\",\"isPartOf\":{\"@id\":\"https:\/\/clubwellnesshungary.com\/#website\"},\"primaryImageOfPage\":{\"@id\":\"https:\/\/clubwellnesshungary.com\/rolunk\/#primaryimage\"},\"image\":{\"@id\":\"https:\/\/clubwellnesshungary.com\/rolunk\/#primaryimage\"},\"thumbnailUrl\":\"https:\/\/clubwellnesshungary.com\/wp-content\/uploads\/2025\/07\/medence.jpg\",\"datePublished\":\"2021-10-12T13:51:09+00:00\",\"dateModified\":\"2026-01-31T14:44:02+00:00\",\"description\":\"Wellness-Erlebnis an f\u00fcnf Standorten 500 EUR Rabatt, den du wirklich bekommst Unsere Unterk\u00fcnfte sprechen f\u00fcr sich Zalakaros, Velence, Si\u00f3fok,\",\"breadcrumb\":{\"@id\":\"https:\/\/clubwellnesshungary.com\/rolunk\/#breadcrumb\"},\"inLanguage\":\"de\",\"potentialAction\":[{\"@type\":\"ReadAction\",\"target\":[\"https:\/\/clubwellnesshungary.com\/rolunk\/\"]}]},{\"@type\":\"ImageObject\",\"inLanguage\":\"de\",\"@id\":\"https:\/\/clubwellnesshungary.com\/rolunk\/#primaryimage\",\"url\":\"https:\/\/clubwellnesshungary.com\/wp-content\/uploads\/2025\/07\/medence.jpg\",\"contentUrl\":\"https:\/\/clubwellnesshungary.com\/wp-content\/uploads\/2025\/07\/medence.jpg\"},{\"@type\":\"BreadcrumbList\",\"@id\":\"https:\/\/clubwellnesshungary.com\/rolunk\/#breadcrumb\",\"itemListElement\":[{\"@type\":\"ListItem\",\"position\":1,\"name\":\"Kezd\u0151lap\",\"item\":\"https:\/\/clubwellnesshungary.com\/\"},{\"@type\":\"ListItem\",\"position\":2,\"name\":\"\u00dcber uns\"}]},{\"@type\":\"WebSite\",\"@id\":\"https:\/\/clubwellnesshungary.com\/#website\",\"url\":\"https:\/\/clubwellnesshungary.com\/\",\"name\":\"Club Wellness Hungary\",\"description\":\"A csal\u00e1di \u00fcd\u00fcl\u00e9s!\",\"publisher\":{\"@id\":\"https:\/\/clubwellnesshungary.com\/#organization\"},\"potentialAction\":[{\"@type\":\"SearchAction\",\"target\":{\"@type\":\"EntryPoint\",\"urlTemplate\":\"https:\/\/clubwellnesshungary.com\/?s={search_term_string}\"},\"query-input\":{\"@type\":\"PropertyValueSpecification\",\"valueRequired\":true,\"valueName\":\"search_term_string\"}}],\"inLanguage\":\"de\"},{\"@type\":\"Organization\",\"@id\":\"https:\/\/clubwellnesshungary.com\/#organization\",\"name\":\"Club Wellness Hungary\",\"alternateName\":\"Der Familienurlaub!\",\"url\":\"https:\/\/clubwellnesshungary.com\/\",\"logo\":{\"@type\":\"ImageObject\",\"inLanguage\":\"de\",\"@id\":\"https:\/\/clubwellnesshungary.com\/#\/schema\/logo\/image\/\",\"url\":\"https:\/\/clubwellnesshungary.com\/wp-content\/uploads\/2021\/08\/clubwellnesshungary-1.png\",\"contentUrl\":\"https:\/\/clubwellnesshungary.com\/wp-content\/uploads\/2021\/08\/clubwellnesshungary-1.png\",\"width\":595,\"height\":369,\"caption\":\"Club Wellness Hungary\"},\"image\":{\"@id\":\"https:\/\/clubwellnesshungary.com\/#\/schema\/logo\/image\/\"}}]}<\/script>\n<!-- \/ Yoast SEO Premium plugin. -->","yoast_head_json":{"title":"\u00dcber uns | Club Wellness Hungary","description":"Wellness-Erlebnis an f\u00fcnf Standorten 500 EUR Rabatt, den du wirklich bekommst Unsere Unterk\u00fcnfte sprechen f\u00fcr sich Zalakaros, Velence, Si\u00f3fok,","robots":{"index":"index","follow":"follow","max-snippet":"max-snippet:-1","max-image-preview":"max-image-preview:large","max-video-preview":"max-video-preview:-1"},"canonical":"https:\/\/clubwellnesshungary.com\/rolunk\/","og_locale":"de_DE","og_type":"article","og_title":"\u00dcber uns | Club Wellness Hungary","og_description":"Wellness-Erlebnis an f\u00fcnf Standorten 500 EUR Rabatt, den du wirklich bekommst Unsere Unterk\u00fcnfte sprechen f\u00fcr sich Zalakaros, Velence, Si\u00f3fok,","og_url":"https:\/\/clubwellnesshungary.com\/rolunk\/","og_site_name":"Club Wellness Hungary","article_modified_time":"2026-01-31T14:44:02+00:00","og_image":[{"url":"https:\/\/clubwellnesshungary.com\/wp-content\/uploads\/2025\/07\/medence.jpg","type":"","width":"","height":""}],"twitter_card":"summary_large_image","twitter_misc":{"Gesch\u00e4tzte Lesezeit":"2\u00a0Minuten"},"schema":{"@context":"https:\/\/schema.org","@graph":[{"@type":"WebPage","@id":"https:\/\/clubwellnesshungary.com\/rolunk\/","url":"https:\/\/clubwellnesshungary.com\/rolunk\/","name":"\u00dcber uns | Club Wellness Hungary","isPartOf":{"@id":"https:\/\/clubwellnesshungary.com\/#website"},"primaryImageOfPage":{"@id":"https:\/\/clubwellnesshungary.com\/rolunk\/#primaryimage"},"image":{"@id":"https:\/\/clubwellnesshungary.com\/rolunk\/#primaryimage"},"thumbnailUrl":"https:\/\/clubwellnesshungary.com\/wp-content\/uploads\/2025\/07\/medence.jpg","datePublished":"2021-10-12T13:51:09+00:00","dateModified":"2026-01-31T14:44:02+00:00","description":"Wellness-Erlebnis an f\u00fcnf Standorten 500 EUR Rabatt, den du wirklich bekommst Unsere Unterk\u00fcnfte sprechen f\u00fcr sich Zalakaros, Velence, Si\u00f3fok,","breadcrumb":{"@id":"https:\/\/clubwellnesshungary.com\/rolunk\/#breadcrumb"},"inLanguage":"de","potentialAction":[{"@type":"ReadAction","target":["https:\/\/clubwellnesshungary.com\/rolunk\/"]}]},{"@type":"ImageObject","inLanguage":"de","@id":"https:\/\/clubwellnesshungary.com\/rolunk\/#primaryimage","url":"https:\/\/clubwellnesshungary.com\/wp-content\/uploads\/2025\/07\/medence.jpg","contentUrl":"https:\/\/clubwellnesshungary.com\/wp-content\/uploads\/2025\/07\/medence.jpg"},{"@type":"BreadcrumbList","@id":"https:\/\/clubwellnesshungary.com\/rolunk\/#breadcrumb","itemListElement":[{"@type":"ListItem","position":1,"name":"Kezd\u0151lap","item":"https:\/\/clubwellnesshungary.com\/"},{"@type":"ListItem","position":2,"name":"\u00dcber uns"}]},{"@type":"WebSite","@id":"https:\/\/clubwellnesshungary.com\/#website","url":"https:\/\/clubwellnesshungary.com\/","name":"Club Wellness Hungary","description":"A csal\u00e1di \u00fcd\u00fcl\u00e9s!","publisher":{"@id":"https:\/\/clubwellnesshungary.com\/#organization"},"potentialAction":[{"@type":"SearchAction","target":{"@type":"EntryPoint","urlTemplate":"https:\/\/clubwellnesshungary.com\/?s={search_term_string}"},"query-input":{"@type":"PropertyValueSpecification","valueRequired":true,"valueName":"search_term_string"}}],"inLanguage":"de"},{"@type":"Organization","@id":"https:\/\/clubwellnesshungary.com\/#organization","name":"Club Wellness Hungary","alternateName":"Der Familienurlaub!","url":"https:\/\/clubwellnesshungary.com\/","logo":{"@type":"ImageObject","inLanguage":"de","@id":"https:\/\/clubwellnesshungary.com\/#\/schema\/logo\/image\/","url":"https:\/\/clubwellnesshungary.com\/wp-content\/uploads\/2021\/08\/clubwellnesshungary-1.png","contentUrl":"https:\/\/clubwellnesshungary.com\/wp-content\/uploads\/2021\/08\/clubwellnesshungary-1.png","width":595,"height":369,"caption":"Club Wellness Hungary"},"image":{"@id":"https:\/\/clubwellnesshungary.com\/#\/schema\/logo\/image\/"}}]}},"_links":{"self":[{"href":"https:\/\/clubwellnesshungary.com\/de\/wp-json\/wp\/v2\/pages\/30080","targetHints":{"allow":["GET"]}}],"collection":[{"href":"https:\/\/clubwellnesshungary.com\/de\/wp-json\/wp\/v2\/pages"}],"about":[{"href":"https:\/\/clubwellnesshungary.com\/de\/wp-json\/wp\/v2\/types\/page"}],"author":[{"embeddable":true,"href":"https:\/\/clubwellnesshungary.com\/de\/wp-json\/wp\/v2\/users\/1"}],"replies":[{"embeddable":true,"href":"https:\/\/clubwellnesshungary.com\/de\/wp-json\/wp\/v2\/comments?post=30080"}],"version-history":[{"count":0,"href":"https:\/\/clubwellnesshungary.com\/de\/wp-json\/wp\/v2\/pages\/30080\/revisions"}],"wp:attachment":[{"href":"https:\/\/clubwellnesshungary.com\/de\/wp-json\/wp\/v2\/media?parent=30080"}],"curies":[{"name":"wp","href":"https:\/\/api.w.org\/{rel}","templated":true}]}}