{"id":30103,"date":"2025-07-22T11:19:16","date_gmt":"2025-07-22T09:19:16","guid":{"rendered":"https:\/\/clubwellnesshungary.com\/utalvany-reszletei\/"},"modified":"2026-01-31T15:37:44","modified_gmt":"2026-01-31T14:37:44","slug":"utalvany-reszletei","status":"publish","type":"page","link":"https:\/\/clubwellnesshungary.com\/de\/utalvany-reszletei\/","title":{"rendered":"Gutscheine"},"content":{"rendered":"\t\t<div data-elementor-type=\"wp-page\" data-elementor-id=\"30103\" class=\"elementor elementor-30103 elementor-29069\" data-elementor-post-type=\"page\">\n\t\t\t\t<div class=\"wd-negative-gap elementor-element elementor-element-d9d9587 e-flex e-con-boxed e-con e-parent\" data-id=\"d9d9587\" data-element_type=\"container\">\n\t\t\t\t\t<div class=\"e-con-inner\">\n\t\t\t\t<div class=\"elementor-element elementor-element-1b74294 wd-width-100 elementor-widget elementor-widget-wd_title\" data-id=\"1b74294\" data-element_type=\"widget\" data-widget_type=\"wd_title.default\">\n\t\t\t\t<div class=\"elementor-widget-container\">\n\t\t\t\t\t\t\t<div class=\"title-wrapper wd-set-mb reset-last-child wd-title-color-default wd-title-style-default wd-title-size-default text-center\">\n\n\t\t\t\n\t\t\t<div class=\"liner-continer\">\n\t\t\t\t<h4 class=\"woodmart-title-container title wd-fontsize-l\">\ud83c\udf9f\ufe0f Extrarabatt f\u00fcr Clubmitglieder!<\/h4> \n\t\t\t\t\t\t\t<\/div>\n\n\t\t\t\t\t\t\t<div class=\"title-after_title reset-last-child wd-fontsize-xs\">\n\t\t\t\t\t<h3><strong>Schlie\u00dfen Sie sich uns an und sichern Sie sich 50 % Rabatt!<\/strong><br \/>Vorteile der Urlaubsgemeinschaft, weitere Informationen<\/h3><h3>Wir sind w\u00e4hrend der Gesch\u00e4ftszeiten erreichbar:<br \/><strong>+36 30 395 1960<\/strong><\/h3><p>Unsere Gutscheine berechtigen ihre Inhaber, bei den Unterk\u00fcnften <strong>Club Karos Spa<\/strong>** <strong>preisreduzierende Rabatte auf die \u00dcbernachtungskosten<\/strong> in Anspruch zu nehmen. Der Wert des Gutscheins wird zum Zeitpunkt der Buchung anhand des <strong>am Buchungstag g\u00fcltigen MNB-Mittelkurses<\/strong> festgelegt. Der Gutschein ist bis zum auf ihm angegebenen Datum g\u00fcltig; die G\u00fcltigkeit kann <strong>einmalig um ein halbes Jahr verl\u00e4ngert<\/strong> werden.<br \/>Rabatte k\u00f6nnen von den auf unserer Website ver\u00f6ffentlichten <strong>Aktionspreisen<\/strong> nur dann in Anspruch genommen werden, wenn dies bei der jeweiligen Aktion ausdr\u00fccklich angegeben ist; <strong>eine Kombination mit anderen Rabatten ist nicht m\u00f6glich<\/strong>. Die Gutscheine sind <strong>uneingeschr\u00e4nkt \u00fcbertragbar<\/strong>. Aktuelle Aktionen finden Sie auf <strong><a class=\"decorated-link\" href=\"http:\/\/www.clubkaros.hu\" target=\"_new\" rel=\"noopener\">www.clubkaros.hu<\/a><\/strong> im Men\u00fc <strong>Aktuelles<\/strong> bzw. <strong>Aktionen<\/strong>. Ausf\u00fchrliche Informationen und Buchungen sind \u00fcber die auf dem Gutschein angegebenen Kontaktdaten oder \u00fcber das Men\u00fc <strong>Kontakt<\/strong> auf unserer Website sowie telefonisch oder per E-Mail m\u00f6glich.<\/p><p><strong>Urlaubsgutschein im Wert von 500 EUR<\/strong><\/p><p>Der Gutschein wird <strong>einmalig<\/strong> als Rabatt vom Preis unserer <strong>Urlaubspakete mit mindestens 7 N\u00e4chten f\u00fcr mindestens 2 Erwachsene<\/strong> abgezogen. Der Gutschein kann auch <strong>in 100-EUR-Teile aufgeteilt<\/strong> werden, gem\u00e4\u00df den Bedingungen f\u00fcr die Nutzung des <strong>100-EUR-Wellnessgutscheins<\/strong>.<\/p>\t\t\t\t<\/div>\n\t\t\t\t\t<\/div>\n\t\t\t\t\t\t<\/div>\n\t\t\t\t<\/div>\n\t\t\t\t\t<\/div>\n\t\t\t\t<\/div>\n\t\t<div class=\"wd-negative-gap elementor-element elementor-element-3204909 e-flex e-con-boxed e-con e-parent\" data-id=\"3204909\" data-element_type=\"container\">\n\t\t\t\t\t<div class=\"e-con-inner\">\n\t\t\t\t<div class=\"elementor-element elementor-element-805cdec elementor-widget elementor-widget-image\" data-id=\"805cdec\" data-element_type=\"widget\" data-widget_type=\"image.default\">\n\t\t\t\t\t\t\t\t\t\t\t\t\t\t\t<img loading=\"lazy\" decoding=\"async\" width=\"1300\" height=\"654\" src=\"https:\/\/clubwellnesshungary.com\/wp-content\/uploads\/2025\/07\/webre500-1300x654.png\" class=\"attachment-large size-large wp-image-30104\" alt=\"\" srcset=\"https:\/\/clubwellnesshungary.com\/wp-content\/uploads\/2025\/07\/webre500-1300x654.png 1300w, https:\/\/clubwellnesshungary.com\/wp-content\/uploads\/2025\/07\/webre500-400x201.png 400w, https:\/\/clubwellnesshungary.com\/wp-content\/uploads\/2025\/07\/webre500-768x386.png 768w, https:\/\/clubwellnesshungary.com\/wp-content\/uploads\/2025\/07\/webre500-1536x773.png 1536w, https:\/\/clubwellnesshungary.com\/wp-content\/uploads\/2025\/07\/webre500-2048x1030.png 2048w, https:\/\/clubwellnesshungary.com\/wp-content\/uploads\/2025\/07\/webre500-430x216.png 430w, https:\/\/clubwellnesshungary.com\/wp-content\/uploads\/2025\/07\/webre500-700x352.png 700w, https:\/\/clubwellnesshungary.com\/wp-content\/uploads\/2025\/07\/webre500-150x75.png 150w\" sizes=\"auto, (max-width: 1300px) 100vw, 1300px\" \/>\t\t\t\t\t\t\t\t\t\t\t\t\t\t\t<\/div>\n\t\t\t\t\t<\/div>\n\t\t\t\t<\/div>\n\t\t<div class=\"wd-negative-gap elementor-element elementor-element-0cff368 e-flex e-con-boxed e-con e-parent\" data-id=\"0cff368\" data-element_type=\"container\">\n\t\t\t\t\t<div class=\"e-con-inner\">\n\t\t\t\t<div class=\"elementor-element elementor-element-78fd860 wd-width-100 elementor-widget elementor-widget-wd_title\" data-id=\"78fd860\" data-element_type=\"widget\" data-widget_type=\"wd_title.default\">\n\t\t\t\t<div class=\"elementor-widget-container\">\n\t\t\t\t\t\t\t<div class=\"title-wrapper wd-set-mb reset-last-child wd-title-color-default wd-title-style-default wd-title-size-default text-center\">\n\n\t\t\t\n\t\t\t<div class=\"liner-continer\">\n\t\t\t\t<h4 class=\"woodmart-title-container title wd-fontsize-l\"><\/h4> \n\t\t\t\t\t\t\t<\/div>\n\n\t\t\t\t\t\t\t<div class=\"title-after_title reset-last-child wd-fontsize-xs\">\n\t\t\t\t\t<h3>\ud83d\udccc <strong>Wie funktioniert es?<\/strong><\/h3><p>Der <strong>500-EUR-Wellnessgutschein<\/strong> kann bei einer Buchung von <strong>mindestens 3\u20137 N\u00e4chten f\u00fcr 2 Personen<\/strong> eingel\u00f6st werden und wird <strong>einmalig vom Paketpreis abgezogen<\/strong>.<\/p><p>Wenn Sie f\u00fcr einen k\u00fcrzeren Zeitraum reisen oder mit einer kleineren Gruppe, besteht ebenfalls die M\u00f6glichkeit der Nutzung:<br \/>Der Gutschein kann <strong>in 100-EUR-Einheiten aufgeteilt<\/strong> werden und somit <strong>mehrmals verwendet<\/strong> werden.<\/p><p>Die Rabatte werden <strong>am Tag der Buchung auf Basis des jeweils g\u00fcltigen MNB-Mittelkurses<\/strong> berechnet.<\/p><p>Der Gutschein ist <strong>bis zum auf ihm angegebenen Datum g\u00fcltig<\/strong> und kann <strong>einmalig um ein halbes Jahr verl\u00e4ngert<\/strong> werden.<\/p><p>Der Rabatt kann auch mit den auf der Website ver\u00f6ffentlichten <strong>Aktionspreisen<\/strong> kombiniert werden, <strong>sofern dies beim jeweiligen Angebot ausdr\u00fccklich angegeben ist<\/strong>. Eine Kombination mit anderen Rabatten ist jedoch nicht m\u00f6glich.<\/p><p>Der Gutschein ist <strong>nicht personengebunden<\/strong> und <strong>frei \u00fcbertragbar<\/strong> \u2013 ideal f\u00fcr Freunde, Familienmitglieder oder Kollegen und auch perfekt als <strong>Weihnachtsgeschenk<\/strong>!<\/p><p>\ud83e\uddf3 <strong>Wof\u00fcr kann der Gutschein verwendet werden?<\/strong><\/p><p>Der Gutschein ist in allen Unterk\u00fcnften von <strong>Club Karos Spa<\/strong>** g\u00fcltig:<\/p><p>\ud83c\udfe8 <strong>Zalakaros<\/strong> \u2013 direkt neben dem bekannten Thermalbad<br \/>\ud83c\udfde\ufe0f <strong>Velence<\/strong> \u2013 direkt am See, mit Saunen und Whirlpools<br \/>\ud83c\udf0a <strong>Si\u00f3fok<\/strong> \u2013 luxuri\u00f6se Apartments am Balaton, ganzj\u00e4hrig<br \/>\ud83c\udf32 <strong>Dunaszentmikl\u00f3s<\/strong> \u2013 naturnahe, komfortable Premium-Apartments<br \/>\ud83c\udded\ud83c\uddf7 <strong>Vodice (Kroatien)<\/strong> \u2013 mediterrane Apartments an der Adriak\u00fcste<\/p><p>\ud83c\udfaf <strong>F\u00fcr wen empfehlen wir es?<\/strong><\/p><p>\ud83d\udc68\u200d\ud83d\udc69\u200d\ud83d\udc67\u200d\ud83d\udc66 <strong>F\u00fcr Familien<\/strong> \u2013 Sparen Sie bis zu <strong>500 EUR<\/strong> auch bei einem Urlaub mit 3\u20134 Personen<br \/>\ud83e\uddf3 <strong>F\u00fcr Freundesgruppen<\/strong> \u2013 Gemeinsame Erlebnisse, geteilte Kosten, noch mehr Spa\u00df<br \/>\ud83c\udfe2 <strong>F\u00fcr Unternehmen<\/strong> \u2013 Die perfekte Teambuilding-Pr\u00e4mie, die jeder lieben wird<br \/>\ud83c\udf81 <strong>Als Geschenk<\/strong> \u2013 Ein luxuri\u00f6ses Erholungserlebnis, ideal zu Weihnachten oder zum Jubil\u00e4um<\/p>\t\t\t\t<\/div>\n\t\t\t\t\t<\/div>\n\t\t\t\t\t\t<\/div>\n\t\t\t\t<\/div>\n\t\t\t\t\t<\/div>\n\t\t\t\t<\/div>\n\t\t\t\t<\/div>\n\t\t","protected":false},"excerpt":{"rendered":"<p>\ud83c\udf9f\ufe0f Extrarabatt f\u00fcr Clubmitglieder! Schlie\u00dfen Sie sich uns an und sichern Sie sich 50 % Rabatt!Vorteile der Urlaubsgemeinschaft, weitere Informationen<\/p>\n","protected":false},"author":1,"featured_media":30105,"parent":0,"menu_order":0,"comment_status":"closed","ping_status":"closed","template":"elementor_header_footer","meta":{"footnotes":""},"class_list":["post-30103","page","type-page","status-publish","has-post-thumbnail","hentry"],"yoast_head":"<!-- This site is optimized with the Yoast SEO Premium plugin v26.8 (Yoast SEO v26.8) - https:\/\/yoast.com\/product\/yoast-seo-premium-wordpress\/ -->\n<title>Gutscheine | Club Wellness Hungary<\/title>\n<meta name=\"description\" content=\"\ud83c\udf9f\ufe0f Extrarabatt f\u00fcr Clubmitglieder! Schlie\u00dfen Sie sich uns an und sichern Sie sich 50 % Rabatt!Vorteile der Urlaubsgemeinschaft, weitere InformationenWir\" \/>\n<meta name=\"robots\" content=\"index, follow, max-snippet:-1, max-image-preview:large, max-video-preview:-1\" \/>\n<link rel=\"canonical\" href=\"https:\/\/clubwellnesshungary.com\/utalvany-reszletei\/\" \/>\n<meta property=\"og:locale\" content=\"de_DE\" \/>\n<meta property=\"og:type\" content=\"article\" \/>\n<meta property=\"og:title\" content=\"Gutscheine | Club Wellness Hungary\" \/>\n<meta property=\"og:description\" content=\"\ud83c\udf9f\ufe0f Extrarabatt f\u00fcr Clubmitglieder! Schlie\u00dfen Sie sich uns an und sichern Sie sich 50 % Rabatt!Vorteile der Urlaubsgemeinschaft, weitere InformationenWir\" \/>\n<meta property=\"og:url\" content=\"https:\/\/clubwellnesshungary.com\/utalvany-reszletei\/\" \/>\n<meta property=\"og:site_name\" content=\"Club Wellness Hungary\" \/>\n<meta property=\"article:modified_time\" content=\"2026-01-31T14:37:44+00:00\" \/>\n<meta property=\"og:image\" content=\"https:\/\/clubwellnesshungary.com\/wp-content\/uploads\/2021\/10\/travel-blog-img-1.jpg\" \/>\n\t<meta property=\"og:image:width\" content=\"1200\" \/>\n\t<meta property=\"og:image:height\" content=\"742\" \/>\n\t<meta property=\"og:image:type\" content=\"image\/jpeg\" \/>\n<meta name=\"twitter:card\" content=\"summary_large_image\" \/>\n<meta name=\"twitter:label1\" content=\"Gesch\u00e4tzte Lesezeit\" \/>\n\t<meta name=\"twitter:data1\" content=\"3\u00a0Minuten\" \/>\n<script type=\"application\/ld+json\" class=\"yoast-schema-graph\">{\"@context\":\"https:\/\/schema.org\",\"@graph\":[{\"@type\":\"WebPage\",\"@id\":\"https:\/\/clubwellnesshungary.com\/utalvany-reszletei\/\",\"url\":\"https:\/\/clubwellnesshungary.com\/utalvany-reszletei\/\",\"name\":\"Gutscheine | Club Wellness Hungary\",\"isPartOf\":{\"@id\":\"https:\/\/clubwellnesshungary.com\/#website\"},\"primaryImageOfPage\":{\"@id\":\"https:\/\/clubwellnesshungary.com\/utalvany-reszletei\/#primaryimage\"},\"image\":{\"@id\":\"https:\/\/clubwellnesshungary.com\/utalvany-reszletei\/#primaryimage\"},\"thumbnailUrl\":\"https:\/\/clubwellnesshungary.com\/wp-content\/uploads\/2021\/10\/travel-blog-img-1.jpg\",\"datePublished\":\"2025-07-22T09:19:16+00:00\",\"dateModified\":\"2026-01-31T14:37:44+00:00\",\"description\":\"\ud83c\udf9f\ufe0f Extrarabatt f\u00fcr Clubmitglieder! Schlie\u00dfen Sie sich uns an und sichern Sie sich 50 % Rabatt!Vorteile der Urlaubsgemeinschaft, weitere InformationenWir\",\"breadcrumb\":{\"@id\":\"https:\/\/clubwellnesshungary.com\/utalvany-reszletei\/#breadcrumb\"},\"inLanguage\":\"de\",\"potentialAction\":[{\"@type\":\"ReadAction\",\"target\":[\"https:\/\/clubwellnesshungary.com\/utalvany-reszletei\/\"]}]},{\"@type\":\"ImageObject\",\"inLanguage\":\"de\",\"@id\":\"https:\/\/clubwellnesshungary.com\/utalvany-reszletei\/#primaryimage\",\"url\":\"https:\/\/clubwellnesshungary.com\/wp-content\/uploads\/2021\/10\/travel-blog-img-1.jpg\",\"contentUrl\":\"https:\/\/clubwellnesshungary.com\/wp-content\/uploads\/2021\/10\/travel-blog-img-1.jpg\",\"width\":1200,\"height\":742},{\"@type\":\"BreadcrumbList\",\"@id\":\"https:\/\/clubwellnesshungary.com\/utalvany-reszletei\/#breadcrumb\",\"itemListElement\":[{\"@type\":\"ListItem\",\"position\":1,\"name\":\"Kezd\u0151lap\",\"item\":\"https:\/\/clubwellnesshungary.com\/\"},{\"@type\":\"ListItem\",\"position\":2,\"name\":\"Gutscheine\"}]},{\"@type\":\"WebSite\",\"@id\":\"https:\/\/clubwellnesshungary.com\/#website\",\"url\":\"https:\/\/clubwellnesshungary.com\/\",\"name\":\"Club Wellness Hungary\",\"description\":\"A csal\u00e1di \u00fcd\u00fcl\u00e9s!\",\"publisher\":{\"@id\":\"https:\/\/clubwellnesshungary.com\/#organization\"},\"potentialAction\":[{\"@type\":\"SearchAction\",\"target\":{\"@type\":\"EntryPoint\",\"urlTemplate\":\"https:\/\/clubwellnesshungary.com\/?s={search_term_string}\"},\"query-input\":{\"@type\":\"PropertyValueSpecification\",\"valueRequired\":true,\"valueName\":\"search_term_string\"}}],\"inLanguage\":\"de\"},{\"@type\":\"Organization\",\"@id\":\"https:\/\/clubwellnesshungary.com\/#organization\",\"name\":\"Club Wellness Hungary\",\"alternateName\":\"Der Familienurlaub!\",\"url\":\"https:\/\/clubwellnesshungary.com\/\",\"logo\":{\"@type\":\"ImageObject\",\"inLanguage\":\"de\",\"@id\":\"https:\/\/clubwellnesshungary.com\/#\/schema\/logo\/image\/\",\"url\":\"https:\/\/clubwellnesshungary.com\/wp-content\/uploads\/2021\/08\/clubwellnesshungary-1.png\",\"contentUrl\":\"https:\/\/clubwellnesshungary.com\/wp-content\/uploads\/2021\/08\/clubwellnesshungary-1.png\",\"width\":595,\"height\":369,\"caption\":\"Club Wellness Hungary\"},\"image\":{\"@id\":\"https:\/\/clubwellnesshungary.com\/#\/schema\/logo\/image\/\"}}]}<\/script>\n<!-- \/ Yoast SEO Premium plugin. -->","yoast_head_json":{"title":"Gutscheine | Club Wellness Hungary","description":"\ud83c\udf9f\ufe0f Extrarabatt f\u00fcr Clubmitglieder! Schlie\u00dfen Sie sich uns an und sichern Sie sich 50 % Rabatt!Vorteile der Urlaubsgemeinschaft, weitere InformationenWir","robots":{"index":"index","follow":"follow","max-snippet":"max-snippet:-1","max-image-preview":"max-image-preview:large","max-video-preview":"max-video-preview:-1"},"canonical":"https:\/\/clubwellnesshungary.com\/utalvany-reszletei\/","og_locale":"de_DE","og_type":"article","og_title":"Gutscheine | Club Wellness Hungary","og_description":"\ud83c\udf9f\ufe0f Extrarabatt f\u00fcr Clubmitglieder! Schlie\u00dfen Sie sich uns an und sichern Sie sich 50 % Rabatt!Vorteile der Urlaubsgemeinschaft, weitere InformationenWir","og_url":"https:\/\/clubwellnesshungary.com\/utalvany-reszletei\/","og_site_name":"Club Wellness Hungary","article_modified_time":"2026-01-31T14:37:44+00:00","og_image":[{"width":1200,"height":742,"url":"https:\/\/clubwellnesshungary.com\/wp-content\/uploads\/2021\/10\/travel-blog-img-1.jpg","type":"image\/jpeg"}],"twitter_card":"summary_large_image","twitter_misc":{"Gesch\u00e4tzte Lesezeit":"3\u00a0Minuten"},"schema":{"@context":"https:\/\/schema.org","@graph":[{"@type":"WebPage","@id":"https:\/\/clubwellnesshungary.com\/utalvany-reszletei\/","url":"https:\/\/clubwellnesshungary.com\/utalvany-reszletei\/","name":"Gutscheine | Club Wellness Hungary","isPartOf":{"@id":"https:\/\/clubwellnesshungary.com\/#website"},"primaryImageOfPage":{"@id":"https:\/\/clubwellnesshungary.com\/utalvany-reszletei\/#primaryimage"},"image":{"@id":"https:\/\/clubwellnesshungary.com\/utalvany-reszletei\/#primaryimage"},"thumbnailUrl":"https:\/\/clubwellnesshungary.com\/wp-content\/uploads\/2021\/10\/travel-blog-img-1.jpg","datePublished":"2025-07-22T09:19:16+00:00","dateModified":"2026-01-31T14:37:44+00:00","description":"\ud83c\udf9f\ufe0f Extrarabatt f\u00fcr Clubmitglieder! Schlie\u00dfen Sie sich uns an und sichern Sie sich 50 % Rabatt!Vorteile der Urlaubsgemeinschaft, weitere InformationenWir","breadcrumb":{"@id":"https:\/\/clubwellnesshungary.com\/utalvany-reszletei\/#breadcrumb"},"inLanguage":"de","potentialAction":[{"@type":"ReadAction","target":["https:\/\/clubwellnesshungary.com\/utalvany-reszletei\/"]}]},{"@type":"ImageObject","inLanguage":"de","@id":"https:\/\/clubwellnesshungary.com\/utalvany-reszletei\/#primaryimage","url":"https:\/\/clubwellnesshungary.com\/wp-content\/uploads\/2021\/10\/travel-blog-img-1.jpg","contentUrl":"https:\/\/clubwellnesshungary.com\/wp-content\/uploads\/2021\/10\/travel-blog-img-1.jpg","width":1200,"height":742},{"@type":"BreadcrumbList","@id":"https:\/\/clubwellnesshungary.com\/utalvany-reszletei\/#breadcrumb","itemListElement":[{"@type":"ListItem","position":1,"name":"Kezd\u0151lap","item":"https:\/\/clubwellnesshungary.com\/"},{"@type":"ListItem","position":2,"name":"Gutscheine"}]},{"@type":"WebSite","@id":"https:\/\/clubwellnesshungary.com\/#website","url":"https:\/\/clubwellnesshungary.com\/","name":"Club Wellness Hungary","description":"A csal\u00e1di \u00fcd\u00fcl\u00e9s!","publisher":{"@id":"https:\/\/clubwellnesshungary.com\/#organization"},"potentialAction":[{"@type":"SearchAction","target":{"@type":"EntryPoint","urlTemplate":"https:\/\/clubwellnesshungary.com\/?s={search_term_string}"},"query-input":{"@type":"PropertyValueSpecification","valueRequired":true,"valueName":"search_term_string"}}],"inLanguage":"de"},{"@type":"Organization","@id":"https:\/\/clubwellnesshungary.com\/#organization","name":"Club Wellness Hungary","alternateName":"Der Familienurlaub!","url":"https:\/\/clubwellnesshungary.com\/","logo":{"@type":"ImageObject","inLanguage":"de","@id":"https:\/\/clubwellnesshungary.com\/#\/schema\/logo\/image\/","url":"https:\/\/clubwellnesshungary.com\/wp-content\/uploads\/2021\/08\/clubwellnesshungary-1.png","contentUrl":"https:\/\/clubwellnesshungary.com\/wp-content\/uploads\/2021\/08\/clubwellnesshungary-1.png","width":595,"height":369,"caption":"Club Wellness Hungary"},"image":{"@id":"https:\/\/clubwellnesshungary.com\/#\/schema\/logo\/image\/"}}]}},"_links":{"self":[{"href":"https:\/\/clubwellnesshungary.com\/de\/wp-json\/wp\/v2\/pages\/30103","targetHints":{"allow":["GET"]}}],"collection":[{"href":"https:\/\/clubwellnesshungary.com\/de\/wp-json\/wp\/v2\/pages"}],"about":[{"href":"https:\/\/clubwellnesshungary.com\/de\/wp-json\/wp\/v2\/types\/page"}],"author":[{"embeddable":true,"href":"https:\/\/clubwellnesshungary.com\/de\/wp-json\/wp\/v2\/users\/1"}],"replies":[{"embeddable":true,"href":"https:\/\/clubwellnesshungary.com\/de\/wp-json\/wp\/v2\/comments?post=30103"}],"version-history":[{"count":0,"href":"https:\/\/clubwellnesshungary.com\/de\/wp-json\/wp\/v2\/pages\/30103\/revisions"}],"wp:featuredmedia":[{"embeddable":true,"href":"https:\/\/clubwellnesshungary.com\/de\/wp-json\/wp\/v2\/media\/30105"}],"wp:attachment":[{"href":"https:\/\/clubwellnesshungary.com\/de\/wp-json\/wp\/v2\/media?parent=30103"}],"curies":[{"name":"wp","href":"https:\/\/api.w.org\/{rel}","templated":true}]}}