{"id":30071,"date":"2025-07-23T09:18:53","date_gmt":"2025-07-23T07:18:53","guid":{"rendered":"https:\/\/clubwellnesshungary.com\/csatlakozz-szallasadokent\/"},"modified":"2026-01-30T16:52:28","modified_gmt":"2026-01-30T15:52:28","slug":"csatlakozz-szallasadokent","status":"publish","type":"page","link":"https:\/\/clubwellnesshungary.com\/sk\/csatlakozz-szallasadokent\/","title":{"rendered":"Csatlakozz sz\u00e1ll\u00e1sad\u00f3k\u00e9nt"},"content":{"rendered":"\t\t<div data-elementor-type=\"wp-page\" data-elementor-id=\"30071\" class=\"elementor elementor-30071 elementor-29369\" data-elementor-post-type=\"page\">\n\t\t\t\t<div class=\"wd-negative-gap elementor-element elementor-element-7a0251ca e-flex e-con-boxed e-con e-parent\" data-id=\"7a0251ca\" data-element_type=\"container\">\n\t\t\t\t\t<div class=\"e-con-inner\">\n\t\t\t\t<div class=\"elementor-element elementor-element-630e027c color-scheme-inherit text-left elementor-widget elementor-widget-text-editor\" data-id=\"630e027c\" data-element_type=\"widget\" data-widget_type=\"text-editor.default\">\n\t\t\t\t\t\t\t\t\t\n<h3 class=\"wp-block-heading\" id=\"h-\"><\/h3>\n\t\t\t\t\t\t\t\t<\/div>\n\t\t\t\t\t<\/div>\n\t\t\t\t<\/div>\n\t\t<div class=\"wd-negative-gap elementor-element elementor-element-701e22f e-flex e-con-boxed e-con e-parent\" data-id=\"701e22f\" data-element_type=\"container\">\n\t\t\t\t\t<div class=\"e-con-inner\">\n\t\t\t\t<div class=\"elementor-element elementor-element-e31da25 wd-width-100 elementor-widget elementor-widget-wd_title\" data-id=\"e31da25\" data-element_type=\"widget\" data-widget_type=\"wd_title.default\">\n\t\t\t\t<div class=\"elementor-widget-container\">\n\t\t\t\t\t\t\t<div class=\"title-wrapper wd-set-mb reset-last-child wd-title-color-default wd-title-style-default wd-title-size-default text-center\">\n\n\t\t\t\t\t\t\t\t\t\t\t<div class=\"title-subtitle subtitle-color-default subtitle-style-default wd-fontsize-xs\">\n\t\t\t\t\t2026-ban is t\u00f6ltsd fel a sz\u00e1ll\u00e1said<br \/>\n\t\t\t\t<\/div>\n\t\t\t\n\t\t\t<div class=\"liner-continer\">\n\t\t\t\t<h4 class=\"woodmart-title-container title wd-fontsize-l\">Legyen a Te sz\u00e1ll\u00e1shelyed is a Club Wellness Hungary partnere!<br \/>\n<br \/>\n<\/h4> \n\t\t\t\t\t\t\t<\/div>\n\n\t\t\t\t\t\t\t<div class=\"title-after_title reset-last-child wd-fontsize-xs\">\n\t\t\t\t\t<p>N\u00f6veld kihaszn\u00e1lts\u00e1god, szerezz \u00faj vend\u00e9geket, \u00e9s t\u0171nj ki a t\u00f6megb\u0151l \u2013 exkluz\u00edv akci\u00f3kkal a Club Wellness Hungary partnerek\u00e9nt! M\u00e1r t\u00f6bb n\u00e9pszer\u0171 sz\u00e1ll\u00e1shely is csatlakozott, legy\u00e9l Te a k\u00f6vetkez\u0151!<\/p>\t\t\t\t<\/div>\n\t\t\t\t\t<\/div>\n\t\t\t\t\t\t<\/div>\n\t\t\t\t<\/div>\n\t\t\t\t\t<\/div>\n\t\t\t\t<\/div>\n\t\t<div class=\"wd-negative-gap elementor-element elementor-element-4f7557a e-flex e-con-boxed e-con e-parent\" data-id=\"4f7557a\" data-element_type=\"container\">\n\t\t\t\t\t<div class=\"e-con-inner\">\n\t\t\t\t<div class=\"elementor-element elementor-element-4378f6b elementor-widget elementor-widget-wd_text_block\" data-id=\"4378f6b\" data-element_type=\"widget\" data-widget_type=\"wd_text_block.default\">\n\t\t\t\t<div class=\"elementor-widget-container\">\n\t\t\t\t\t\t\t<div class=\"wd-text-block reset-last-child text-left\">\n\t\t\t\n\t\t\t<h4 data-start=\"735\" data-end=\"772\">\ud83d\udcdd <strong data-start=\"742\" data-end=\"772\">Mi\u00e9rt \u00e9ri meg csatlakozni?<\/strong><\/h4>\n<p data-start=\"774\" data-end=\"957\">Ha Te is sz\u00e1ll\u00e1sad\u00f3 vagy, \u00e9s szeretn\u00e9l <strong data-start=\"813\" data-end=\"830\">t\u00f6bb vend\u00e9get<\/strong>, <strong data-start=\"832\" data-end=\"876\">magasabb szezonon k\u00edv\u00fcli kihaszn\u00e1lts\u00e1got<\/strong> \u00e9s <strong data-start=\"880\" data-end=\"911\">extra marketing megjelen\u00e9st<\/strong> \u2013 akkor a Club Wellness Hungary platform neked sz\u00f3l!<\/p>\n<p>\ud83c\udfaf Amit biztos\u00edtunk:<\/p>\n<ul data-start=\"986\" data-end=\"1381\">\n<li data-start=\"986\" data-end=\"1038\">\n<p data-start=\"988\" data-end=\"1038\"><strong data-start=\"988\" data-end=\"1011\">Ingyenes megjelen\u00e9s<\/strong> a clubwellnesshungary.com oldalon<\/p>\n<\/li>\n<li data-start=\"1039\" data-end=\"1096\">\n<p data-start=\"1041\" data-end=\"1096\">C\u00e9lzott el\u00e9r\u00e9s: utazni v\u00e1gy\u00f3k, csal\u00e1dok, c\u00e9ges vend\u00e9gek<\/p>\n<\/li>\n<li data-start=\"1097\" data-end=\"1165\">\n<p data-start=\"1099\" data-end=\"1165\"><strong data-start=\"1099\" data-end=\"1133\">500 EUR \u00e9rt\u00e9k\u0171 kuponbev\u00e1lt\u00e1sok<\/strong> \u2013 garant\u00e1ltan motiv\u00e1lt vend\u00e9gek<\/p>\n<\/li>\n<li data-start=\"1166\" data-end=\"1226\">\n<p data-start=\"1168\" data-end=\"1226\">Rugalmas kedvezm\u00e9nykezel\u00e9s (sz\u00e1ll\u00e1s + wellness + csomagok)<\/p>\n<\/li>\n<li data-start=\"1227\" data-end=\"1274\">\n<p data-start=\"1229\" data-end=\"1274\"><strong data-start=\"1229\" data-end=\"1274\">Teljes kontroll a saj\u00e1t aj\u00e1nlataid felett<\/strong><\/p>\n<\/li>\n<li data-start=\"1275\" data-end=\"1323\">\n<p data-start=\"1277\" data-end=\"1323\">Ig\u00e9ny szerint technikai \u00e9s marketing t\u00e1mogat\u00e1s<\/p>\n<\/li>\n<li data-start=\"1324\" data-end=\"1381\">\n<p data-start=\"1326\" data-end=\"1381\">SEO-optimaliz\u00e1lt bemutatkoz\u00f3 oldalad, n\u00e1lunk elint\u00e9zve!<\/p>\n<\/li>\n<\/ul>\n<h4 data-start=\"1383\" data-end=\"1407\">\ud83d\udcbc Kiknek aj\u00e1nljuk?<\/h4>\n<ul data-start=\"1408\" data-end=\"1600\">\n<li data-start=\"1408\" data-end=\"1429\">\n<p data-start=\"1410\" data-end=\"1429\">Wellness hoteleknek<\/p>\n<\/li>\n<li data-start=\"1430\" data-end=\"1450\">\n<p data-start=\"1432\" data-end=\"1450\">Csal\u00e1di panzi\u00f3knak<\/p>\n<\/li>\n<li data-start=\"1451\" data-end=\"1477\">\n<p data-start=\"1453\" data-end=\"1477\">\u00dcd\u00fcl\u0151knek, apartmanoknak<\/p>\n<\/li>\n<li data-start=\"1478\" data-end=\"1525\">\n<p data-start=\"1480\" data-end=\"1525\">F\u00fcrd\u0151helyek, vid\u00e9ki sz\u00e1ll\u00e1sok tulajdonosainak<\/p>\n<\/li>\n<li data-start=\"1526\" data-end=\"1600\">\n<p data-start=\"1528\" data-end=\"1600\">Mindenkinek, aki szeretne <strong data-start=\"1554\" data-end=\"1600\">\u00faj vend\u00e9geket szerezni aj\u00e1nlatk\u00e9r\u00e9s n\u00e9lk\u00fcl<\/strong><\/p>\n<\/li>\n<\/ul>\n<h4 data-start=\"1602\" data-end=\"1634\">\ud83d\udcc8 Tedd vonz\u00f3bb\u00e1 sz\u00e1ll\u00e1sod!<\/h4>\n<p data-start=\"1635\" data-end=\"1765\">Vend\u00e9geink motiv\u00e1ltak: <strong data-start=\"1658\" data-end=\"1697\">el\u0151re megv\u00e1s\u00e1rolt kuponnal \u00e9rkeznek<\/strong>, c\u00e9ljuk az utaz\u00e1s \u00e9s pihen\u00e9s. Ne hagyd ki ezt a pr\u00e9mium k\u00f6z\u00f6ns\u00e9get!<\/p>\n<h4 data-start=\"1772\" data-end=\"1795\">\ud83d\udcec Jelentkezz most!<\/h4>\n\n\t\t\t\t\t<\/div>\n\t\t\t\t\t\t<\/div>\n\t\t\t\t<\/div>\n\t\t\t\t\t<\/div>\n\t\t\t\t<\/div>\n\t\t<div class=\"wd-negative-gap elementor-element elementor-element-410f221 e-flex e-con-boxed e-con e-parent\" data-id=\"410f221\" data-element_type=\"container\">\n\t\t\t\t\t<div class=\"e-con-inner\">\n\t\t<div class=\"elementor-element elementor-element-267cc35 e-con-full e-flex e-con e-child\" data-id=\"267cc35\" data-element_type=\"container\">\n\t\t\t\t<div class=\"elementor-element elementor-element-1745578 elementor-widget elementor-widget-image\" data-id=\"1745578\" data-element_type=\"widget\" data-widget_type=\"image.default\">\n\t\t\t\t\t\t\t\t\t\t\t\t\t\t\t<img loading=\"lazy\" decoding=\"async\" width=\"768\" height=\"800\" src=\"https:\/\/clubwellnesshungary.com\/wp-content\/uploads\/2025\/07\/dwqdq-1-768x800.png\" class=\"attachment-large size-large wp-image-30443\" alt=\"\" srcset=\"https:\/\/clubwellnesshungary.com\/wp-content\/uploads\/2025\/07\/dwqdq-1-768x800.png 768w, https:\/\/clubwellnesshungary.com\/wp-content\/uploads\/2025\/07\/dwqdq-1-288x300.png 288w, https:\/\/clubwellnesshungary.com\/wp-content\/uploads\/2025\/07\/dwqdq-1-430x448.png 430w, https:\/\/clubwellnesshungary.com\/wp-content\/uploads\/2025\/07\/dwqdq-1-700x729.png 700w, https:\/\/clubwellnesshungary.com\/wp-content\/uploads\/2025\/07\/dwqdq-1-150x156.png 150w, https:\/\/clubwellnesshungary.com\/wp-content\/uploads\/2025\/07\/dwqdq-1.png 960w\" sizes=\"auto, (max-width: 768px) 100vw, 768px\" \/>\t\t\t\t\t\t\t\t\t\t\t\t\t\t\t<\/div>\n\t\t\t\t<div class=\"elementor-element elementor-element-d913828 elementor-widget elementor-widget-wd_button\" data-id=\"d913828\" data-element_type=\"widget\" data-widget_type=\"wd_button.default\">\n\t\t\t\t<div class=\"elementor-widget-container\">\n\t\t\t\t\t\t\t<div class=\"wd-button-wrapper text-left\" >\n\t\t\t<a class=\"btn btn-style-bordered btn-shape-round btn-size-default btn-color-primary btn-full-width btn-icon-pos-left\"  href=\"tel:+36303951960\">\n\t\t\t\t<span class=\"wd-btn-text\" data-elementor-setting-key=\"text\">\n\t\t\t\t\tH\u00cdVJ MOST\t\t\t\t<\/span>\n\n\t\t\t\t\t\t\t\t\t<span class=\"wd-btn-icon\">\n\t\t\t\t\t\t<svg class=\"wd-icon e-font-icon-svg e-fas-phone-alt\" viewBox=\"0 0 512 512\" xmlns=\"http:\/\/www.w3.org\/2000\/svg\"><path d=\"M497.39 361.8l-112-48a24 24 0 0 0-28 6.9l-49.6 60.6A370.66 370.66 0 0 1 130.6 204.11l60.6-49.6a23.94 23.94 0 0 0 6.9-28l-48-112A24.16 24.16 0 0 0 122.6.61l-104 24A24 24 0 0 0 0 48c0 256.5 207.9 464 464 464a24 24 0 0 0 23.4-18.6l24-104a24.29 24.29 0 0 0-14.01-27.6z\"><\/path><\/svg>\t\t\t\t\t<\/span>\n\t\t\t\t\t\t\t<\/a>\n\t\t<\/div>\n\t\t\t\t\t\t<\/div>\n\t\t\t\t<\/div>\n\t\t\t\t<\/div>\n\t\t<div class=\"elementor-element elementor-element-b1f1a9a e-con-full e-flex e-con e-child\" data-id=\"b1f1a9a\" data-element_type=\"container\">\n\t\t\t\t<div class=\"elementor-element elementor-element-51b8ba5 wd-width-100 elementor-widget elementor-widget-wd_title\" data-id=\"51b8ba5\" data-element_type=\"widget\" data-widget_type=\"wd_title.default\">\n\t\t\t\t<div class=\"elementor-widget-container\">\n\t\t\t\t\t\t\t<div class=\"title-wrapper wd-set-mb reset-last-child wd-title-color-default wd-title-style-default wd-title-size-default text-left\">\n\n\t\t\t\t\t\t\t\t\t\t\t<div class=\"title-subtitle subtitle-color-default subtitle-style-default wd-fontsize-xs\">\n\t\t\t\t\tK\u00c9RDEZZ BIZALOMMAL<br \/>\n\t\t\t\t<\/div>\n\t\t\t\n\t\t\t<div class=\"liner-continer\">\n\t\t\t\t<h4 class=\"woodmart-title-container title wd-fontsize-l\">\ud83d\udcde L\u00e9pj vel\u00fcnk kapcsolatba!<\/h4> \n\t\t\t\t\t\t\t<\/div>\n\n\t\t\t\t\t\t\t<div class=\"title-after_title reset-last-child wd-fontsize-xs\">\n\t\t\t\t\t<p>K\u00e9rd\u00e9sed van a kuponr\u00f3l, foglal\u00e1sr\u00f3l vagy sz\u00e1ll\u00e1shelyeinkr\u0151l? Sz\u00edvesen seg\u00edt\u00fcnk \u2013 gyorsan, k\u00f6zvetlen\u00fcl, emberi hangon.<\/p>\t\t\t\t<\/div>\n\t\t\t\t\t<\/div>\n\t\t\t\t\t\t<\/div>\n\t\t\t\t<\/div>\n\t\t\t\t<div class=\"elementor-element elementor-element-9a23db5 wd-cf7 elementor-widget elementor-widget-wd_contact_form_7\" data-id=\"9a23db5\" data-element_type=\"widget\" data-widget_type=\"wd_contact_form_7.default\">\n\t\t\t\t<div class=\"elementor-widget-container\">\n\t\t\t\t\t\n<div class=\"wpcf7 no-js\" id=\"wpcf7-f1572-o1\" lang=\"en-US\" dir=\"ltr\" data-wpcf7-id=\"1572\">\n<div class=\"screen-reader-response\"><p role=\"status\" aria-live=\"polite\" aria-atomic=\"true\"><\/p> <ul><\/ul><\/div>\n<form action=\"\/sk\/wp-json\/wp\/v2\/pages\/30071#wpcf7-f1572-o1\" method=\"post\" class=\"wpcf7-form init\" aria-label=\"Contact form\" novalidate=\"novalidate\" data-status=\"init\">\n<fieldset class=\"hidden-fields-container\"><input type=\"hidden\" name=\"_wpcf7\" value=\"1572\" \/><input type=\"hidden\" name=\"_wpcf7_version\" value=\"6.1.4\" \/><input type=\"hidden\" name=\"_wpcf7_locale\" value=\"en_US\" \/><input type=\"hidden\" name=\"_wpcf7_unit_tag\" value=\"wpcf7-f1572-o1\" \/><input type=\"hidden\" name=\"_wpcf7_container_post\" value=\"0\" \/><input type=\"hidden\" name=\"_wpcf7_posted_data_hash\" value=\"\" \/><input type=\"hidden\" name=\"_wpcf7_recaptcha_response\" value=\"\" \/>\n<\/fieldset>\n<div class=\"wd-grid-g\">\n\t<div class=\"wd-grid-f-stretch\">\n\t\t<div class=\"wd-col\">\n\t\t\t<p><label>N\u00e9v<\/label><span class=\"wpcf7-form-control-wrap\" data-name=\"your-name\"><input size=\"40\" maxlength=\"400\" class=\"wpcf7-form-control wpcf7-text wpcf7-validates-as-required\" aria-required=\"true\" aria-invalid=\"false\" value=\"\" type=\"text\" name=\"your-name\" \/><\/span>\n\t\t\t<\/p>\n\t\t<\/div>\n\t\t<div class=\"wd-col\">\n\t\t\t<p><label>E-mail<\/label><span class=\"wpcf7-form-control-wrap\" data-name=\"your-email\"><input size=\"40\" maxlength=\"400\" class=\"wpcf7-form-control wpcf7-email wpcf7-validates-as-required wpcf7-text wpcf7-validates-as-email\" aria-required=\"true\" aria-invalid=\"false\" value=\"\" type=\"email\" name=\"your-email\" \/><\/span>\n\t\t\t<\/p>\n\t\t<\/div>\n\t<\/div>\n\t<div class=\"wd-grid-f-stretch\">\n\t\t<div class=\"wd-col\">\n\t\t\t<p><label>Mobil<\/label><span class=\"wpcf7-form-control-wrap\" data-name=\"tel-767\"><input size=\"40\" maxlength=\"400\" class=\"wpcf7-form-control wpcf7-tel wpcf7-text wpcf7-validates-as-tel\" aria-invalid=\"false\" value=\"\" type=\"tel\" name=\"tel-767\" \/><\/span>\n\t\t\t<\/p>\n\t\t<\/div>\n\t\t<div class=\"wd-col\">\n\t\t\t<p><label>C\u00e9g neve (nem k\u00f6telez\u0151)<\/label><span class=\"wpcf7-form-control-wrap\" data-name=\"text-1\"><input size=\"40\" maxlength=\"400\" class=\"wpcf7-form-control wpcf7-text\" aria-invalid=\"false\" value=\"\" type=\"text\" name=\"text-1\" \/><\/span>\n\t\t\t<\/p>\n\t\t<\/div>\n\t<\/div>\n\t<div>\n\t\t<p><label>K\u00e9rd\u00e9s r\u00e9szletes le\u00edr\u00e1sa<\/label><span class=\"wpcf7-form-control-wrap\" data-name=\"your-message\"><textarea cols=\"40\" rows=\"10\" maxlength=\"2000\" class=\"wpcf7-form-control wpcf7-textarea\" aria-invalid=\"false\" name=\"your-message\"><\/textarea><\/span>\n\t\t<\/p>\n\t<\/div>\n\n\t<div>\n\t\t<p><input class=\"wpcf7-form-control wpcf7-submit has-spinner btn-color-black\" type=\"submit\" value=\"K\u00dcLD\u00c9S\" \/>\n\t\t<\/p>\n\t<\/div>\n<\/div><div class=\"wpcf7-response-output\" aria-hidden=\"true\"><\/div>\n<\/form>\n<\/div>\n\t\t\t\t<\/div>\n\t\t\t\t<\/div>\n\t\t\t\t<\/div>\n\t\t\t\t\t<\/div>\n\t\t\t\t<\/div>\n\t\t\t\t<\/div>\n\t\t","protected":false},"excerpt":{"rendered":"<p>2026-ban is t\u00f6ltsd fel a sz\u00e1ll\u00e1said Legyen a Te sz\u00e1ll\u00e1shelyed is a Club Wellness Hungary partnere! N\u00f6veld kihaszn\u00e1lts\u00e1god, szerezz \u00faj<\/p>\n","protected":false},"author":1,"featured_media":30067,"parent":0,"menu_order":0,"comment_status":"closed","ping_status":"closed","template":"","meta":{"footnotes":""},"class_list":["post-30071","page","type-page","status-publish","has-post-thumbnail","hentry"],"yoast_head":"<!-- This site is optimized with the Yoast SEO Premium plugin v26.8 (Yoast SEO v26.8) - https:\/\/yoast.com\/product\/yoast-seo-premium-wordpress\/ -->\n<title>Csatlakozz sz\u00e1ll\u00e1sad\u00f3k\u00e9nt | Club Wellness Hungary<\/title>\n<meta name=\"description\" content=\"2026-ban is t\u00f6ltsd fel a sz\u00e1ll\u00e1said Legyen a Te sz\u00e1ll\u00e1shelyed is a Club Wellness Hungary partnere! N\u00f6veld kihaszn\u00e1lts\u00e1god, szerezz \u00faj vend\u00e9geket, \u00e9s t\u0171nj\" \/>\n<meta name=\"robots\" content=\"index, follow, max-snippet:-1, max-image-preview:large, max-video-preview:-1\" \/>\n<link rel=\"canonical\" href=\"https:\/\/clubwellnesshungary.com\/sk\/csatlakozz-szallasadokent\/\" \/>\n<meta property=\"og:locale\" content=\"sk_SK\" \/>\n<meta property=\"og:type\" content=\"article\" \/>\n<meta property=\"og:title\" content=\"Csatlakozz sz\u00e1ll\u00e1sad\u00f3k\u00e9nt | Club Wellness Hungary\" \/>\n<meta property=\"og:description\" content=\"2026-ban is t\u00f6ltsd fel a sz\u00e1ll\u00e1said Legyen a Te sz\u00e1ll\u00e1shelyed is a Club Wellness Hungary partnere! N\u00f6veld kihaszn\u00e1lts\u00e1god, szerezz \u00faj vend\u00e9geket, \u00e9s t\u0171nj\" \/>\n<meta property=\"og:url\" content=\"https:\/\/clubwellnesshungary.com\/sk\/csatlakozz-szallasadokent\/\" \/>\n<meta property=\"og:site_name\" content=\"Club Wellness Hungary\" \/>\n<meta property=\"article:modified_time\" content=\"2026-01-30T15:52:28+00:00\" \/>\n<meta property=\"og:image\" content=\"https:\/\/clubwellnesshungary.com\/wp-content\/uploads\/2021\/10\/travel-blog-img-9.jpg\" \/>\n\t<meta property=\"og:image:width\" content=\"1200\" \/>\n\t<meta property=\"og:image:height\" content=\"742\" \/>\n\t<meta property=\"og:image:type\" content=\"image\/jpeg\" \/>\n<meta name=\"twitter:card\" content=\"summary_large_image\" \/>\n<meta name=\"twitter:label1\" content=\"Predpokladan\u00fd \u010das \u010d\u00edtania\" \/>\n\t<meta name=\"twitter:data1\" content=\"2 min\u00faty\" \/>\n<script type=\"application\/ld+json\" class=\"yoast-schema-graph\">{\"@context\":\"https:\/\/schema.org\",\"@graph\":[{\"@type\":\"WebPage\",\"@id\":\"https:\/\/clubwellnesshungary.com\/sk\/csatlakozz-szallasadokent\/\",\"url\":\"https:\/\/clubwellnesshungary.com\/sk\/csatlakozz-szallasadokent\/\",\"name\":\"Csatlakozz sz\u00e1ll\u00e1sad\u00f3k\u00e9nt | Club Wellness Hungary\",\"isPartOf\":{\"@id\":\"https:\/\/clubwellnesshungary.com\/#website\"},\"primaryImageOfPage\":{\"@id\":\"https:\/\/clubwellnesshungary.com\/sk\/csatlakozz-szallasadokent\/#primaryimage\"},\"image\":{\"@id\":\"https:\/\/clubwellnesshungary.com\/sk\/csatlakozz-szallasadokent\/#primaryimage\"},\"thumbnailUrl\":\"https:\/\/clubwellnesshungary.com\/wp-content\/uploads\/2021\/10\/travel-blog-img-9.jpg\",\"datePublished\":\"2025-07-23T07:18:53+00:00\",\"dateModified\":\"2026-01-30T15:52:28+00:00\",\"description\":\"2026-ban is t\u00f6ltsd fel a sz\u00e1ll\u00e1said Legyen a Te sz\u00e1ll\u00e1shelyed is a Club Wellness Hungary partnere! N\u00f6veld kihaszn\u00e1lts\u00e1god, szerezz \u00faj vend\u00e9geket, \u00e9s t\u0171nj\",\"breadcrumb\":{\"@id\":\"https:\/\/clubwellnesshungary.com\/sk\/csatlakozz-szallasadokent\/#breadcrumb\"},\"inLanguage\":\"sk-SK\",\"potentialAction\":[{\"@type\":\"ReadAction\",\"target\":[\"https:\/\/clubwellnesshungary.com\/sk\/csatlakozz-szallasadokent\/\"]}]},{\"@type\":\"ImageObject\",\"inLanguage\":\"sk-SK\",\"@id\":\"https:\/\/clubwellnesshungary.com\/sk\/csatlakozz-szallasadokent\/#primaryimage\",\"url\":\"https:\/\/clubwellnesshungary.com\/wp-content\/uploads\/2021\/10\/travel-blog-img-9.jpg\",\"contentUrl\":\"https:\/\/clubwellnesshungary.com\/wp-content\/uploads\/2021\/10\/travel-blog-img-9.jpg\",\"width\":1200,\"height\":742},{\"@type\":\"BreadcrumbList\",\"@id\":\"https:\/\/clubwellnesshungary.com\/sk\/csatlakozz-szallasadokent\/#breadcrumb\",\"itemListElement\":[{\"@type\":\"ListItem\",\"position\":1,\"name\":\"Kezd\u0151lap\",\"item\":\"https:\/\/clubwellnesshungary.com\/\"},{\"@type\":\"ListItem\",\"position\":2,\"name\":\"Csatlakozz sz\u00e1ll\u00e1sad\u00f3k\u00e9nt\"}]},{\"@type\":\"WebSite\",\"@id\":\"https:\/\/clubwellnesshungary.com\/#website\",\"url\":\"https:\/\/clubwellnesshungary.com\/\",\"name\":\"Club Wellness Hungary\",\"description\":\"A csal\u00e1di \u00fcd\u00fcl\u00e9s!\",\"publisher\":{\"@id\":\"https:\/\/clubwellnesshungary.com\/#organization\"},\"potentialAction\":[{\"@type\":\"SearchAction\",\"target\":{\"@type\":\"EntryPoint\",\"urlTemplate\":\"https:\/\/clubwellnesshungary.com\/?s={search_term_string}\"},\"query-input\":{\"@type\":\"PropertyValueSpecification\",\"valueRequired\":true,\"valueName\":\"search_term_string\"}}],\"inLanguage\":\"sk-SK\"},{\"@type\":\"Organization\",\"@id\":\"https:\/\/clubwellnesshungary.com\/#organization\",\"name\":\"Club Wellness Hungary\",\"alternateName\":\"Rodinn\u00e1 dovolenka!\",\"url\":\"https:\/\/clubwellnesshungary.com\/\",\"logo\":{\"@type\":\"ImageObject\",\"inLanguage\":\"sk-SK\",\"@id\":\"https:\/\/clubwellnesshungary.com\/#\/schema\/logo\/image\/\",\"url\":\"https:\/\/clubwellnesshungary.com\/wp-content\/uploads\/2021\/08\/clubwellnesshungary-1.png\",\"contentUrl\":\"https:\/\/clubwellnesshungary.com\/wp-content\/uploads\/2021\/08\/clubwellnesshungary-1.png\",\"width\":595,\"height\":369,\"caption\":\"Club Wellness Hungary\"},\"image\":{\"@id\":\"https:\/\/clubwellnesshungary.com\/#\/schema\/logo\/image\/\"}}]}<\/script>\n<!-- \/ Yoast SEO Premium plugin. -->","yoast_head_json":{"title":"Csatlakozz sz\u00e1ll\u00e1sad\u00f3k\u00e9nt | Club Wellness Hungary","description":"2026-ban is t\u00f6ltsd fel a sz\u00e1ll\u00e1said Legyen a Te sz\u00e1ll\u00e1shelyed is a Club Wellness Hungary partnere! N\u00f6veld kihaszn\u00e1lts\u00e1god, szerezz \u00faj vend\u00e9geket, \u00e9s t\u0171nj","robots":{"index":"index","follow":"follow","max-snippet":"max-snippet:-1","max-image-preview":"max-image-preview:large","max-video-preview":"max-video-preview:-1"},"canonical":"https:\/\/clubwellnesshungary.com\/sk\/csatlakozz-szallasadokent\/","og_locale":"sk_SK","og_type":"article","og_title":"Csatlakozz sz\u00e1ll\u00e1sad\u00f3k\u00e9nt | Club Wellness Hungary","og_description":"2026-ban is t\u00f6ltsd fel a sz\u00e1ll\u00e1said Legyen a Te sz\u00e1ll\u00e1shelyed is a Club Wellness Hungary partnere! N\u00f6veld kihaszn\u00e1lts\u00e1god, szerezz \u00faj vend\u00e9geket, \u00e9s t\u0171nj","og_url":"https:\/\/clubwellnesshungary.com\/sk\/csatlakozz-szallasadokent\/","og_site_name":"Club Wellness Hungary","article_modified_time":"2026-01-30T15:52:28+00:00","og_image":[{"width":1200,"height":742,"url":"https:\/\/clubwellnesshungary.com\/wp-content\/uploads\/2021\/10\/travel-blog-img-9.jpg","type":"image\/jpeg"}],"twitter_card":"summary_large_image","twitter_misc":{"Predpokladan\u00fd \u010das \u010d\u00edtania":"2 min\u00faty"},"schema":{"@context":"https:\/\/schema.org","@graph":[{"@type":"WebPage","@id":"https:\/\/clubwellnesshungary.com\/sk\/csatlakozz-szallasadokent\/","url":"https:\/\/clubwellnesshungary.com\/sk\/csatlakozz-szallasadokent\/","name":"Csatlakozz sz\u00e1ll\u00e1sad\u00f3k\u00e9nt | Club Wellness Hungary","isPartOf":{"@id":"https:\/\/clubwellnesshungary.com\/#website"},"primaryImageOfPage":{"@id":"https:\/\/clubwellnesshungary.com\/sk\/csatlakozz-szallasadokent\/#primaryimage"},"image":{"@id":"https:\/\/clubwellnesshungary.com\/sk\/csatlakozz-szallasadokent\/#primaryimage"},"thumbnailUrl":"https:\/\/clubwellnesshungary.com\/wp-content\/uploads\/2021\/10\/travel-blog-img-9.jpg","datePublished":"2025-07-23T07:18:53+00:00","dateModified":"2026-01-30T15:52:28+00:00","description":"2026-ban is t\u00f6ltsd fel a sz\u00e1ll\u00e1said Legyen a Te sz\u00e1ll\u00e1shelyed is a Club Wellness Hungary partnere! N\u00f6veld kihaszn\u00e1lts\u00e1god, szerezz \u00faj vend\u00e9geket, \u00e9s t\u0171nj","breadcrumb":{"@id":"https:\/\/clubwellnesshungary.com\/sk\/csatlakozz-szallasadokent\/#breadcrumb"},"inLanguage":"sk-SK","potentialAction":[{"@type":"ReadAction","target":["https:\/\/clubwellnesshungary.com\/sk\/csatlakozz-szallasadokent\/"]}]},{"@type":"ImageObject","inLanguage":"sk-SK","@id":"https:\/\/clubwellnesshungary.com\/sk\/csatlakozz-szallasadokent\/#primaryimage","url":"https:\/\/clubwellnesshungary.com\/wp-content\/uploads\/2021\/10\/travel-blog-img-9.jpg","contentUrl":"https:\/\/clubwellnesshungary.com\/wp-content\/uploads\/2021\/10\/travel-blog-img-9.jpg","width":1200,"height":742},{"@type":"BreadcrumbList","@id":"https:\/\/clubwellnesshungary.com\/sk\/csatlakozz-szallasadokent\/#breadcrumb","itemListElement":[{"@type":"ListItem","position":1,"name":"Kezd\u0151lap","item":"https:\/\/clubwellnesshungary.com\/"},{"@type":"ListItem","position":2,"name":"Csatlakozz sz\u00e1ll\u00e1sad\u00f3k\u00e9nt"}]},{"@type":"WebSite","@id":"https:\/\/clubwellnesshungary.com\/#website","url":"https:\/\/clubwellnesshungary.com\/","name":"Club Wellness Hungary","description":"A csal\u00e1di \u00fcd\u00fcl\u00e9s!","publisher":{"@id":"https:\/\/clubwellnesshungary.com\/#organization"},"potentialAction":[{"@type":"SearchAction","target":{"@type":"EntryPoint","urlTemplate":"https:\/\/clubwellnesshungary.com\/?s={search_term_string}"},"query-input":{"@type":"PropertyValueSpecification","valueRequired":true,"valueName":"search_term_string"}}],"inLanguage":"sk-SK"},{"@type":"Organization","@id":"https:\/\/clubwellnesshungary.com\/#organization","name":"Club Wellness Hungary","alternateName":"Rodinn\u00e1 dovolenka!","url":"https:\/\/clubwellnesshungary.com\/","logo":{"@type":"ImageObject","inLanguage":"sk-SK","@id":"https:\/\/clubwellnesshungary.com\/#\/schema\/logo\/image\/","url":"https:\/\/clubwellnesshungary.com\/wp-content\/uploads\/2021\/08\/clubwellnesshungary-1.png","contentUrl":"https:\/\/clubwellnesshungary.com\/wp-content\/uploads\/2021\/08\/clubwellnesshungary-1.png","width":595,"height":369,"caption":"Club Wellness Hungary"},"image":{"@id":"https:\/\/clubwellnesshungary.com\/#\/schema\/logo\/image\/"}}]}},"_links":{"self":[{"href":"https:\/\/clubwellnesshungary.com\/sk\/wp-json\/wp\/v2\/pages\/30071","targetHints":{"allow":["GET"]}}],"collection":[{"href":"https:\/\/clubwellnesshungary.com\/sk\/wp-json\/wp\/v2\/pages"}],"about":[{"href":"https:\/\/clubwellnesshungary.com\/sk\/wp-json\/wp\/v2\/types\/page"}],"author":[{"embeddable":true,"href":"https:\/\/clubwellnesshungary.com\/sk\/wp-json\/wp\/v2\/users\/1"}],"replies":[{"embeddable":true,"href":"https:\/\/clubwellnesshungary.com\/sk\/wp-json\/wp\/v2\/comments?post=30071"}],"version-history":[{"count":0,"href":"https:\/\/clubwellnesshungary.com\/sk\/wp-json\/wp\/v2\/pages\/30071\/revisions"}],"wp:featuredmedia":[{"embeddable":true,"href":"https:\/\/clubwellnesshungary.com\/sk\/wp-json\/wp\/v2\/media\/30067"}],"wp:attachment":[{"href":"https:\/\/clubwellnesshungary.com\/sk\/wp-json\/wp\/v2\/media?parent=30071"}],"curies":[{"name":"wp","href":"https:\/\/api.w.org\/{rel}","templated":true}]}}