{"id":30076,"date":"2025-07-22T16:35:49","date_gmt":"2025-07-22T14:35:49","guid":{"rendered":"https:\/\/clubwellnesshungary.com\/impresszum\/"},"modified":"2026-01-30T17:35:13","modified_gmt":"2026-01-30T16:35:13","slug":"impresszum","status":"publish","type":"page","link":"https:\/\/clubwellnesshungary.com\/sk\/impresszum\/","title":{"rendered":"Impresum"},"content":{"rendered":"\n<p><strong>Prev\u00e1dzkovate\u013e<\/strong><br>LT Invest Kft.<\/p>\n\n\n\n<p><strong>S\u00eddlo spolo\u010dnosti<\/strong><br>1118 Budapest, Buda\u00f6rsi \u00fat 131\/b<\/p>\n\n\n\n<p><strong>\u010c\u00edslo registr\u00e1cie spolo\u010dnosti:<\/strong> 01-09-935186<br><strong>Da\u0148ov\u00e9 identifika\u010dn\u00e9 \u010d\u00edslo:<\/strong> 12455919-2-43<br><strong>\u010c\u00edslo \u00fa\u010dtu HUF (OTP HU63):<\/strong> 11712073-20003218-00000000<br><strong>\u010c\u00edslo \u00fa\u010dtu EUR (OTP HU73):<\/strong> 11763127-21902880-00000000<br><strong>SWIFT:<\/strong> OTPVHUHB<\/p>\n\n\n\n<p><strong>Kancel\u00e1ria:<\/strong><br>1118 Budapest, Buda\u00f6rsi \u00fat 131\/b<\/p>\n\n\n\n<p><strong>Centr\u00e1lne telef\u00f3nne \u010d\u00edsla:<\/strong><br>06-1-2481896<br>06-30-947-0825<\/p>\n\n\n\n<p><strong>E-mail:<\/strong> <a>tothi@ogimex.hu<\/a><\/p>\n\n\n\n<p><strong>Registra\u010dn\u00fd org\u00e1n<\/strong><br>\u00dastredn\u00fd \u0161tatistick\u00fd \u00farad<\/p>\n\n\n\n<p><strong>\u00dadaje o poskytovate\u013eovi hostingu<\/strong><br>Rackshost<\/p>\n\n\n\n<p><strong>Pr\u00e1vne vyhl\u00e1senie<\/strong><br>Otvoren\u00edm webovej str\u00e1nky a pou\u017e\u00edvan\u00edm webu <a href=\"https:\/\/clubwellnesshungary.com\">https:\/\/clubwellnesshungary.com<\/a> a jeho s\u00favisiacich podstr\u00e1nok vyjadrujete s\u00fahlas s podmienkami uveden\u00fdmi v Impressu, Z\u00e1sad\u00e1ch ochrany osobn\u00fdch \u00fadajov a vo V\u0161eobecn\u00fdch obchodn\u00fdch podmienkach. Pojem \u201ePou\u017e\u00edvate\u013e\u201c ozna\u010duje ka\u017ed\u00fa osobu, ktor\u00e1 m\u00e1 pr\u00edstup k webovej str\u00e1nke a\/alebo ju pou\u017e\u00edva.<\/p>\n","protected":false},"excerpt":{"rendered":"<p>Prev\u00e1dzkovate\u013eLT Invest Kft. S\u00eddlo spolo\u010dnosti1118 Budapest, Buda\u00f6rsi \u00fat 131\/b \u010c\u00edslo registr\u00e1cie spolo\u010dnosti: 01-09-935186Da\u0148ov\u00e9 identifika\u010dn\u00e9 \u010d\u00edslo: 12455919-2-43\u010c\u00edslo \u00fa\u010dtu HUF (OTP HU63):<\/p>\n","protected":false},"author":1,"featured_media":30077,"parent":0,"menu_order":0,"comment_status":"closed","ping_status":"closed","template":"","meta":{"footnotes":""},"class_list":["post-30076","page","type-page","status-publish","has-post-thumbnail","hentry"],"yoast_head":"<!-- This site is optimized with the Yoast SEO Premium plugin v26.8 (Yoast SEO v26.8) - https:\/\/yoast.com\/product\/yoast-seo-premium-wordpress\/ -->\n<title>Impresum | Club Wellness Hungary<\/title>\n<meta name=\"description\" content=\"Prev\u00e1dzkovate\u013eLT Invest Kft. S\u00eddlo spolo\u010dnosti1118 Budapest, Buda\u00f6rsi \u00fat 131\/b \u010c\u00edslo registr\u00e1cie spolo\u010dnosti: 01-09-935186Da\u0148ov\u00e9 identifika\u010dn\u00e9 \u010d\u00edslo:\" \/>\n<meta name=\"robots\" content=\"index, follow, max-snippet:-1, max-image-preview:large, max-video-preview:-1\" \/>\n<link rel=\"canonical\" href=\"https:\/\/clubwellnesshungary.com\/sk\/impresszum\/\" \/>\n<meta property=\"og:locale\" content=\"sk_SK\" \/>\n<meta property=\"og:type\" content=\"article\" \/>\n<meta property=\"og:title\" content=\"Impresum | Club Wellness Hungary\" \/>\n<meta property=\"og:description\" content=\"Prev\u00e1dzkovate\u013eLT Invest Kft. S\u00eddlo spolo\u010dnosti1118 Budapest, Buda\u00f6rsi \u00fat 131\/b \u010c\u00edslo registr\u00e1cie spolo\u010dnosti: 01-09-935186Da\u0148ov\u00e9 identifika\u010dn\u00e9 \u010d\u00edslo:\" \/>\n<meta property=\"og:url\" content=\"https:\/\/clubwellnesshungary.com\/sk\/impresszum\/\" \/>\n<meta property=\"og:site_name\" content=\"Club Wellness Hungary\" \/>\n<meta property=\"article:modified_time\" content=\"2026-01-30T16:35:13+00:00\" \/>\n<meta property=\"og:image\" content=\"https:\/\/clubwellnesshungary.com\/wp-content\/uploads\/2021\/10\/travel-blog-img-7.jpg\" \/>\n\t<meta property=\"og:image:width\" content=\"1200\" \/>\n\t<meta property=\"og:image:height\" content=\"742\" \/>\n\t<meta property=\"og:image:type\" content=\"image\/jpeg\" \/>\n<meta name=\"twitter:card\" content=\"summary_large_image\" \/>\n<meta name=\"twitter:label1\" content=\"Predpokladan\u00fd \u010das \u010d\u00edtania\" \/>\n\t<meta name=\"twitter:data1\" content=\"1 min\u00fata\" \/>\n<script type=\"application\/ld+json\" class=\"yoast-schema-graph\">{\"@context\":\"https:\/\/schema.org\",\"@graph\":[{\"@type\":\"WebPage\",\"@id\":\"https:\/\/clubwellnesshungary.com\/sk\/impresszum\/\",\"url\":\"https:\/\/clubwellnesshungary.com\/sk\/impresszum\/\",\"name\":\"Impresum | Club Wellness Hungary\",\"isPartOf\":{\"@id\":\"https:\/\/clubwellnesshungary.com\/#website\"},\"primaryImageOfPage\":{\"@id\":\"https:\/\/clubwellnesshungary.com\/sk\/impresszum\/#primaryimage\"},\"image\":{\"@id\":\"https:\/\/clubwellnesshungary.com\/sk\/impresszum\/#primaryimage\"},\"thumbnailUrl\":\"https:\/\/clubwellnesshungary.com\/wp-content\/uploads\/2021\/10\/travel-blog-img-7.jpg\",\"datePublished\":\"2025-07-22T14:35:49+00:00\",\"dateModified\":\"2026-01-30T16:35:13+00:00\",\"description\":\"Prev\u00e1dzkovate\u013eLT Invest Kft. S\u00eddlo spolo\u010dnosti1118 Budapest, Buda\u00f6rsi \u00fat 131\/b \u010c\u00edslo registr\u00e1cie spolo\u010dnosti: 01-09-935186Da\u0148ov\u00e9 identifika\u010dn\u00e9 \u010d\u00edslo:\",\"breadcrumb\":{\"@id\":\"https:\/\/clubwellnesshungary.com\/sk\/impresszum\/#breadcrumb\"},\"inLanguage\":\"sk-SK\",\"potentialAction\":[{\"@type\":\"ReadAction\",\"target\":[\"https:\/\/clubwellnesshungary.com\/sk\/impresszum\/\"]}]},{\"@type\":\"ImageObject\",\"inLanguage\":\"sk-SK\",\"@id\":\"https:\/\/clubwellnesshungary.com\/sk\/impresszum\/#primaryimage\",\"url\":\"https:\/\/clubwellnesshungary.com\/wp-content\/uploads\/2021\/10\/travel-blog-img-7.jpg\",\"contentUrl\":\"https:\/\/clubwellnesshungary.com\/wp-content\/uploads\/2021\/10\/travel-blog-img-7.jpg\",\"width\":1200,\"height\":742},{\"@type\":\"BreadcrumbList\",\"@id\":\"https:\/\/clubwellnesshungary.com\/sk\/impresszum\/#breadcrumb\",\"itemListElement\":[{\"@type\":\"ListItem\",\"position\":1,\"name\":\"Kezd\u0151lap\",\"item\":\"https:\/\/clubwellnesshungary.com\/\"},{\"@type\":\"ListItem\",\"position\":2,\"name\":\"Impresum\"}]},{\"@type\":\"WebSite\",\"@id\":\"https:\/\/clubwellnesshungary.com\/#website\",\"url\":\"https:\/\/clubwellnesshungary.com\/\",\"name\":\"Club Wellness Hungary\",\"description\":\"A csal\u00e1di \u00fcd\u00fcl\u00e9s!\",\"publisher\":{\"@id\":\"https:\/\/clubwellnesshungary.com\/#organization\"},\"potentialAction\":[{\"@type\":\"SearchAction\",\"target\":{\"@type\":\"EntryPoint\",\"urlTemplate\":\"https:\/\/clubwellnesshungary.com\/?s={search_term_string}\"},\"query-input\":{\"@type\":\"PropertyValueSpecification\",\"valueRequired\":true,\"valueName\":\"search_term_string\"}}],\"inLanguage\":\"sk-SK\"},{\"@type\":\"Organization\",\"@id\":\"https:\/\/clubwellnesshungary.com\/#organization\",\"name\":\"Club Wellness Hungary\",\"alternateName\":\"Rodinn\u00e1 dovolenka!\",\"url\":\"https:\/\/clubwellnesshungary.com\/\",\"logo\":{\"@type\":\"ImageObject\",\"inLanguage\":\"sk-SK\",\"@id\":\"https:\/\/clubwellnesshungary.com\/#\/schema\/logo\/image\/\",\"url\":\"https:\/\/clubwellnesshungary.com\/wp-content\/uploads\/2021\/08\/clubwellnesshungary-1.png\",\"contentUrl\":\"https:\/\/clubwellnesshungary.com\/wp-content\/uploads\/2021\/08\/clubwellnesshungary-1.png\",\"width\":595,\"height\":369,\"caption\":\"Club Wellness Hungary\"},\"image\":{\"@id\":\"https:\/\/clubwellnesshungary.com\/#\/schema\/logo\/image\/\"}}]}<\/script>\n<!-- \/ Yoast SEO Premium plugin. -->","yoast_head_json":{"title":"Impresum | Club Wellness Hungary","description":"Prev\u00e1dzkovate\u013eLT Invest Kft. S\u00eddlo spolo\u010dnosti1118 Budapest, Buda\u00f6rsi \u00fat 131\/b \u010c\u00edslo registr\u00e1cie spolo\u010dnosti: 01-09-935186Da\u0148ov\u00e9 identifika\u010dn\u00e9 \u010d\u00edslo:","robots":{"index":"index","follow":"follow","max-snippet":"max-snippet:-1","max-image-preview":"max-image-preview:large","max-video-preview":"max-video-preview:-1"},"canonical":"https:\/\/clubwellnesshungary.com\/sk\/impresszum\/","og_locale":"sk_SK","og_type":"article","og_title":"Impresum | Club Wellness Hungary","og_description":"Prev\u00e1dzkovate\u013eLT Invest Kft. S\u00eddlo spolo\u010dnosti1118 Budapest, Buda\u00f6rsi \u00fat 131\/b \u010c\u00edslo registr\u00e1cie spolo\u010dnosti: 01-09-935186Da\u0148ov\u00e9 identifika\u010dn\u00e9 \u010d\u00edslo:","og_url":"https:\/\/clubwellnesshungary.com\/sk\/impresszum\/","og_site_name":"Club Wellness Hungary","article_modified_time":"2026-01-30T16:35:13+00:00","og_image":[{"width":1200,"height":742,"url":"https:\/\/clubwellnesshungary.com\/wp-content\/uploads\/2021\/10\/travel-blog-img-7.jpg","type":"image\/jpeg"}],"twitter_card":"summary_large_image","twitter_misc":{"Predpokladan\u00fd \u010das \u010d\u00edtania":"1 min\u00fata"},"schema":{"@context":"https:\/\/schema.org","@graph":[{"@type":"WebPage","@id":"https:\/\/clubwellnesshungary.com\/sk\/impresszum\/","url":"https:\/\/clubwellnesshungary.com\/sk\/impresszum\/","name":"Impresum | Club Wellness Hungary","isPartOf":{"@id":"https:\/\/clubwellnesshungary.com\/#website"},"primaryImageOfPage":{"@id":"https:\/\/clubwellnesshungary.com\/sk\/impresszum\/#primaryimage"},"image":{"@id":"https:\/\/clubwellnesshungary.com\/sk\/impresszum\/#primaryimage"},"thumbnailUrl":"https:\/\/clubwellnesshungary.com\/wp-content\/uploads\/2021\/10\/travel-blog-img-7.jpg","datePublished":"2025-07-22T14:35:49+00:00","dateModified":"2026-01-30T16:35:13+00:00","description":"Prev\u00e1dzkovate\u013eLT Invest Kft. S\u00eddlo spolo\u010dnosti1118 Budapest, Buda\u00f6rsi \u00fat 131\/b \u010c\u00edslo registr\u00e1cie spolo\u010dnosti: 01-09-935186Da\u0148ov\u00e9 identifika\u010dn\u00e9 \u010d\u00edslo:","breadcrumb":{"@id":"https:\/\/clubwellnesshungary.com\/sk\/impresszum\/#breadcrumb"},"inLanguage":"sk-SK","potentialAction":[{"@type":"ReadAction","target":["https:\/\/clubwellnesshungary.com\/sk\/impresszum\/"]}]},{"@type":"ImageObject","inLanguage":"sk-SK","@id":"https:\/\/clubwellnesshungary.com\/sk\/impresszum\/#primaryimage","url":"https:\/\/clubwellnesshungary.com\/wp-content\/uploads\/2021\/10\/travel-blog-img-7.jpg","contentUrl":"https:\/\/clubwellnesshungary.com\/wp-content\/uploads\/2021\/10\/travel-blog-img-7.jpg","width":1200,"height":742},{"@type":"BreadcrumbList","@id":"https:\/\/clubwellnesshungary.com\/sk\/impresszum\/#breadcrumb","itemListElement":[{"@type":"ListItem","position":1,"name":"Kezd\u0151lap","item":"https:\/\/clubwellnesshungary.com\/"},{"@type":"ListItem","position":2,"name":"Impresum"}]},{"@type":"WebSite","@id":"https:\/\/clubwellnesshungary.com\/#website","url":"https:\/\/clubwellnesshungary.com\/","name":"Club Wellness Hungary","description":"A csal\u00e1di \u00fcd\u00fcl\u00e9s!","publisher":{"@id":"https:\/\/clubwellnesshungary.com\/#organization"},"potentialAction":[{"@type":"SearchAction","target":{"@type":"EntryPoint","urlTemplate":"https:\/\/clubwellnesshungary.com\/?s={search_term_string}"},"query-input":{"@type":"PropertyValueSpecification","valueRequired":true,"valueName":"search_term_string"}}],"inLanguage":"sk-SK"},{"@type":"Organization","@id":"https:\/\/clubwellnesshungary.com\/#organization","name":"Club Wellness Hungary","alternateName":"Rodinn\u00e1 dovolenka!","url":"https:\/\/clubwellnesshungary.com\/","logo":{"@type":"ImageObject","inLanguage":"sk-SK","@id":"https:\/\/clubwellnesshungary.com\/#\/schema\/logo\/image\/","url":"https:\/\/clubwellnesshungary.com\/wp-content\/uploads\/2021\/08\/clubwellnesshungary-1.png","contentUrl":"https:\/\/clubwellnesshungary.com\/wp-content\/uploads\/2021\/08\/clubwellnesshungary-1.png","width":595,"height":369,"caption":"Club Wellness Hungary"},"image":{"@id":"https:\/\/clubwellnesshungary.com\/#\/schema\/logo\/image\/"}}]}},"_links":{"self":[{"href":"https:\/\/clubwellnesshungary.com\/sk\/wp-json\/wp\/v2\/pages\/30076","targetHints":{"allow":["GET"]}}],"collection":[{"href":"https:\/\/clubwellnesshungary.com\/sk\/wp-json\/wp\/v2\/pages"}],"about":[{"href":"https:\/\/clubwellnesshungary.com\/sk\/wp-json\/wp\/v2\/types\/page"}],"author":[{"embeddable":true,"href":"https:\/\/clubwellnesshungary.com\/sk\/wp-json\/wp\/v2\/users\/1"}],"replies":[{"embeddable":true,"href":"https:\/\/clubwellnesshungary.com\/sk\/wp-json\/wp\/v2\/comments?post=30076"}],"version-history":[{"count":0,"href":"https:\/\/clubwellnesshungary.com\/sk\/wp-json\/wp\/v2\/pages\/30076\/revisions"}],"wp:featuredmedia":[{"embeddable":true,"href":"https:\/\/clubwellnesshungary.com\/sk\/wp-json\/wp\/v2\/media\/30077"}],"wp:attachment":[{"href":"https:\/\/clubwellnesshungary.com\/sk\/wp-json\/wp\/v2\/media?parent=30076"}],"curies":[{"name":"wp","href":"https:\/\/api.w.org\/{rel}","templated":true}]}}