{"id":30081,"date":"2021-10-12T15:51:09","date_gmt":"2021-10-12T13:51:09","guid":{"rendered":"https:\/\/clubwellnesshungary.com\/rolunk\/"},"modified":"2026-01-31T15:06:09","modified_gmt":"2026-01-31T14:06:09","slug":"rolunk","status":"publish","type":"page","link":"https:\/\/clubwellnesshungary.com\/sk\/rolunk\/","title":{"rendered":"O n\u00e1s"},"content":{"rendered":"\t\t<div data-elementor-type=\"wp-page\" data-elementor-id=\"30081\" class=\"elementor elementor-30081 elementor-4400\" data-elementor-post-type=\"page\">\n\t\t\t\t<div class=\"wd-negative-gap elementor-element elementor-element-1c90c3f wd-section-stretch e-flex e-con-boxed e-con e-parent\" data-id=\"1c90c3f\" data-element_type=\"container\" data-settings=\"{&quot;background_background&quot;:&quot;classic&quot;}\">\n\t\t\t\t\t<div class=\"e-con-inner\">\n\t\t\t\t<div class=\"elementor-element elementor-element-5d57672 elementor-widget__width-initial elementor-widget-tablet__width-inherit wd-width-100 elementor-widget elementor-widget-wd_title\" data-id=\"5d57672\" data-element_type=\"widget\" data-widget_type=\"wd_title.default\">\n\t\t\t\t<div class=\"elementor-widget-container\">\n\t\t\t\t\t\t\t<div class=\"title-wrapper wd-set-mb reset-last-child wd-title-color-primary wd-title-style-default wd-title-size-large text-left\">\n\n\t\t\t\t\t\t\t\t\t\t\t<div class=\"title-subtitle subtitle-color-primary subtitle-style-default wd-fontsize-xs\">\n\t\t\t\t\tWellness z\u00e1\u017eitok na piatich miestach\t\t\t\t<\/div>\n\t\t\t\n\t\t\t<div class=\"liner-continer\">\n\t\t\t\t<h4 class=\"woodmart-title-container title wd-fontsize-xxl\">500 EUR z\u013eava, ktor\u00fa naozaj aj z\u00edska\u0161<\/h4> \n\t\t\t\t\t\t\t<\/div>\n\n\t\t\t\t\t<\/div>\n\t\t\t\t\t\t<\/div>\n\t\t\t\t<\/div>\n\t\t\t\t<div class=\"elementor-element elementor-element-9c05225 elementor-widget__width-initial elementor-widget elementor-widget-wd_infobox\" data-id=\"9c05225\" data-element_type=\"widget\" data-widget_type=\"wd_infobox.default\">\n\t\t\t\t<div class=\"elementor-widget-container\">\n\t\t\t\t\t\t\t<div class=\"info-box-wrapper\">\n\t\t\t<div class=\"wd-info-box text-left box-icon-align-top box-style-base color-scheme-\">\n\t\t\t\t\n\t\t\t\t<div class=\"info-box-content\">\n\t\t\t\t\t\n\t\t\t\t\t\t\t\t\t\t\t<h4\t\t\t\t\t\tclass=\"info-box-title title box-title-style-default wd-fontsize-m\" data-elementor-setting-key=\"title\">\n\t\t\t\t\t\t\t\tNa\u0161e ubytovania hovoria samy za seba\t\t\t\t\t\t<\/h4>\n\t\t\t\t\t\n\t\t\t\t\t<div class=\"info-box-inner reset-last-child\"data-elementor-setting-key=\"content\"><p data-start=\"790\" data-end=\"1066\">Zalakaros, Velence, Si\u00f3fok, Dunaszentmikl\u00f3s alebo Chorv\u00e1tsko?<br data-start=\"65\" data-end=\"68\" \/>Ka\u017ed\u00e1 na\u0161a lokalita pon\u00faka dokonal\u00fa rovnov\u00e1hu oddychu a komfortu. \u010cakaj\u00fa na teba \u0161t\u00fdlov\u00e9 apartm\u00e1ny, kryt\u00e9 wellness koridory, bl\u00edzkos\u0165 pl\u00e1\u017ee a rodinn\u00e9 prostredie \u2013 bez oh\u013eadu na ro\u010dn\u00e9 obdobie.<\/p>\n<\/div>\n\n\t\t\t\t\t\t\t\t\t<\/div>\n\n\t\t\t\t\t\t\t<\/div>\n\t\t<\/div>\n\t\t\t\t\t\t<\/div>\n\t\t\t\t<\/div>\n\t\t\t\t<div class=\"elementor-element elementor-element-ec30bde elementor-widget__width-initial elementor-widget elementor-widget-wd_infobox\" data-id=\"ec30bde\" data-element_type=\"widget\" data-widget_type=\"wd_infobox.default\">\n\t\t\t\t<div class=\"elementor-widget-container\">\n\t\t\t\t\t\t\t<div class=\"info-box-wrapper\">\n\t\t\t<div class=\"wd-info-box text-left box-icon-align-top box-style-base color-scheme-\">\n\t\t\t\t\n\t\t\t\t<div class=\"info-box-content\">\n\t\t\t\t\t\n\t\t\t\t\t\t\t\t\t\t\t<h4\t\t\t\t\t\tclass=\"info-box-title title box-title-style-default wd-fontsize-m\" data-elementor-setting-key=\"title\">\n\t\t\t\t\t\t\t\tSkuto\u010dn\u00e1 hodnota, nie pr\u00e1zdny s\u013eub\t\t\t\t\t\t<\/h4>\n\t\t\t\t\t\n\t\t\t\t\t<div class=\"info-box-inner reset-last-child\"data-elementor-setting-key=\"content\"><p>Club Wellness Hungary nie je \u017eiadny poukazov\u00fd trik ani marketingov\u00fd \u0165ah \u2013 ide o konkr\u00e9tny poukaz, ktor\u00fd m\u00e1 re\u00e1lnu pe\u0148a\u017en\u00fa hodnotu a uplat\u0148uje sa ako skuto\u010dn\u00e1 z\u013eava v na\u0161ich pr\u00e9miov\u00fdch ubytovaniach.<br \/>\u017diadne skryt\u00e9 poplatky, \u017eiadne mal\u00e9 p\u00edsmen\u00e1 \u2013 len re\u00e1lna \u00faspora v\u00fdmenou za kvalitn\u00fd oddych.<\/p>\n<\/div>\n\n\t\t\t\t\t\t\t\t\t<\/div>\n\n\t\t\t\t\t\t\t<\/div>\n\t\t<\/div>\n\t\t\t\t\t\t<\/div>\n\t\t\t\t<\/div>\n\t\t\t\t\t<\/div>\n\t\t\t\t<\/div>\n\t\t<div class=\"wd-negative-gap elementor-element elementor-element-7c7c544 e-flex e-con-boxed e-con e-parent\" data-id=\"7c7c544\" data-element_type=\"container\">\n\t\t\t\t\t<div class=\"e-con-inner\">\n\t\t<div class=\"elementor-element elementor-element-e7cb5cd e-con-full e-flex e-con e-child\" data-id=\"e7cb5cd\" data-element_type=\"container\">\n\t\t\t\t<div class=\"elementor-element elementor-element-56aec39 elementor-widget elementor-widget-wd_image_or_svg\" data-id=\"56aec39\" data-element_type=\"widget\" data-widget_type=\"wd_image_or_svg.default\">\n\t\t\t\t<div class=\"elementor-widget-container\">\n\t\t\t\t\t\n\t\t<div class=\"wd-image text-left\">\n\t\t\t\t\t\t\t\t<img loading=\"lazy\" decoding=\"async\" width=\"639\" height=\"480\" src=\"https:\/\/clubwellnesshungary.com\/wp-content\/uploads\/2025\/07\/medence.jpg\" class=\"attachment-full size-full\" alt=\"\" srcset=\"https:\/\/clubwellnesshungary.com\/wp-content\/uploads\/2025\/07\/medence.jpg 639w, https:\/\/clubwellnesshungary.com\/wp-content\/uploads\/2025\/07\/medence-430x323.jpg 430w, https:\/\/clubwellnesshungary.com\/wp-content\/uploads\/2025\/07\/medence-150x113.jpg 150w, https:\/\/clubwellnesshungary.com\/wp-content\/uploads\/2025\/07\/medence-400x300.jpg 400w\" sizes=\"auto, (max-width: 639px) 100vw, 639px\" \/>\t\t\t\t\t<\/div>\n\n\t\t\t\t\t\t<\/div>\n\t\t\t\t<\/div>\n\t\t\t\t<\/div>\n\t\t<div class=\"elementor-element elementor-element-97d6084 e-con-full e-flex e-con e-child\" data-id=\"97d6084\" data-element_type=\"container\">\n\t\t\t\t<div class=\"elementor-element elementor-element-98d830b wd-width-100 elementor-widget elementor-widget-wd_title\" data-id=\"98d830b\" data-element_type=\"widget\" data-widget_type=\"wd_title.default\">\n\t\t\t\t<div class=\"elementor-widget-container\">\n\t\t\t\t\t\t\t<div class=\"title-wrapper wd-set-mb reset-last-child wd-title-color-primary wd-title-style-default wd-title-size-large text-left\">\n\n\t\t\t\t\t\t\t\t\t\t\t<div class=\"title-subtitle subtitle-color-primary subtitle-style-default wd-fontsize-xs\">\n\t\t\t\t\tPredstavenie\t\t\t\t<\/div>\n\t\t\t\n\t\t\t<div class=\"liner-continer\">\n\t\t\t\t<h4 class=\"woodmart-title-container title wd-fontsize-xxl\">Kto sme?<\/h4> \n\t\t\t\t\t\t\t<\/div>\n\n\t\t\t\t\t\t\t<div class=\"title-after_title reset-last-child wd-fontsize-s\">\n\t\t\t\t\t<p>Nem\u00e1me automatizovan\u00fd syst\u00e9m ani online robotov \u2013 u n\u00e1s ti pom\u00e1haj\u00fa skuto\u010dn\u00ed \u013eudia.<br \/>\u010ci m\u00e1\u0161 ot\u00e1zku, chce\u0161 rezervova\u0165 alebo upravi\u0165 pobyt, sme ti k dispoz\u00edcii telefonicky alebo e-mailom a v\u0161etko rie\u0161ime individu\u00e1lne. Aj preto si n\u00e1s na\u0161i hostia vyberaj\u00fa znova a znova.<\/p>\t\t\t\t<\/div>\n\t\t\t\t\t<\/div>\n\t\t\t\t\t\t<\/div>\n\t\t\t\t<\/div>\n\t\t\t\t<div class=\"elementor-element elementor-element-66e47ad elementor-widget elementor-widget-wd_text_block\" data-id=\"66e47ad\" data-element_type=\"widget\" data-widget_type=\"wd_text_block.default\">\n\t\t\t\t<div class=\"elementor-widget-container\">\n\t\t\t\t\t\t\t<div class=\"wd-text-block reset-last-child text-left\">\n\t\t\t\n\t\t\t<p>Za <strong>Club Wellness Hungary<\/strong> stoj\u00ed t\u00edm, ktor\u00fd sa u\u017e viac ako desa\u0165 rokov venuje prev\u00e1dzke a predaju pr\u00e9miov\u00fdch ubytovac\u00edch zariaden\u00ed. Na\u0161\u00edm cie\u013eom je spr\u00edstupni\u0165 kvalitn\u00fd oddych v Ma\u010farsku a Chorv\u00e1tsku ka\u017ed\u00e9mu \u2013 dostupne a bez kompromisov.<\/p><p>Ver\u00edme, \u017ee oddych nie je luxus, ale nevyhnutnos\u0165. Preto sme vytvorili syst\u00e9m Club Wellness Hungary: jednoduch\u00fd, zrozumite\u013en\u00fd, hodnotn\u00fd a prakticky vyu\u017eite\u013en\u00fd. U n\u00e1s neodpoved\u00e1 datab\u00e1za ani online rezerva\u010dn\u00fd robot, ale skuto\u010dn\u00ed \u013eudia \u2013 s pohostinnos\u0165ou a odborn\u00fdmi znalos\u0165ami.<\/p><p>S nami je rezerv\u00e1cia z\u00e1\u017eitkom, cestovanie z\u00e1\u017eitkom a \u00faspora skuto\u010dnos\u0165ou.<\/p>\n\t\t\t\t\t<\/div>\n\t\t\t\t\t\t<\/div>\n\t\t\t\t<\/div>\n\t\t\t\t<\/div>\n\t\t\t\t\t<\/div>\n\t\t\t\t<\/div>\n\t\t<div class=\"wd-negative-gap elementor-element elementor-element-7bdd369 e-flex e-con-boxed e-con e-parent\" data-id=\"7bdd369\" data-element_type=\"container\">\n\t\t\t\t\t<div class=\"e-con-inner\">\n\t\t\t\t<div class=\"elementor-element elementor-element-2c588a5 wd-width-100 elementor-widget elementor-widget-wd_title\" data-id=\"2c588a5\" data-element_type=\"widget\" data-widget_type=\"wd_title.default\">\n\t\t\t\t<div class=\"elementor-widget-container\">\n\t\t\t\t\t\t\t<div class=\"title-wrapper wd-set-mb reset-last-child wd-title-color-primary wd-title-style-default wd-title-size-large text-center\">\n\n\t\t\t\t\t\t\t\t\t\t\t<div class=\"title-subtitle subtitle-color-primary subtitle-style-default wd-fontsize-xs\">\n\t\t\t\t\tSta\u0148 sa aj ty partnerom Club Wellness Hungary a predstav svoje ubytovanie tis\u00edcom akt\u00edvnych n\u00e1v\u0161tevn\u00edkov pripraven\u00fdch na oddych!\t\t\t\t<\/div>\n\t\t\t\n\t\t\t<div class=\"liner-continer\">\n\t\t\t\t<h4 class=\"woodmart-title-container title wd-fontsize-xxl\">\ud83c\udfe8 Chceli by ste, aby sa aj v\u00e1\u0161 hotel u n\u00e1s objavil?<\/h4> \n\t\t\t\t\t\t\t<\/div>\n\n\t\t\t\t\t\t\t<div class=\"title-after_title reset-last-child wd-fontsize-s\">\n\t\t\t\t\t<p>\u2705 Pr\u00e9miov\u00e1 cie\u013eov\u00e1 skupina \u2013 uvedomel\u00ed cestovatelia h\u013eadaj\u00faci kvalitu<br \/>\u2705 Cielen\u00e1 prezent\u00e1cia \u2013 nie v\u0161eobecn\u00fd zbern\u00fd port\u00e1l, ale \u0161pecializovan\u00e1 oddychov\u00e1 platforma<br \/>\u2705 Flexibiln\u00e1 spolupr\u00e1ca \u2013 prov\u00edzny alebo bal\u00ed\u010dkov\u00fd model spolupr\u00e1ce<br \/>\u2705 Extra marketing \u2013 prezent\u00e1cia na blogu, v newsletteri a kampane na soci\u00e1lnych sie\u0165ach<\/p>\t\t\t\t<\/div>\n\t\t\t\t\t<\/div>\n\t\t\t\t\t\t<\/div>\n\t\t\t\t<\/div>\n\t\t\t\t\t<\/div>\n\t\t\t\t<\/div>\n\t\t\t\t<\/div>\n\t\t","protected":false},"excerpt":{"rendered":"<p>Wellness z\u00e1\u017eitok na piatich miestach 500 EUR z\u013eava, ktor\u00fa naozaj aj z\u00edska\u0161 Na\u0161e ubytovania hovoria samy za seba Zalakaros, Velence,<\/p>\n","protected":false},"author":1,"featured_media":0,"parent":0,"menu_order":0,"comment_status":"closed","ping_status":"closed","template":"","meta":{"footnotes":""},"class_list":["post-30081","page","type-page","status-publish","hentry"],"yoast_head":"<!-- This site is optimized with the Yoast SEO Premium plugin v26.8 (Yoast SEO v26.8) - https:\/\/yoast.com\/product\/yoast-seo-premium-wordpress\/ -->\n<title>O n\u00e1s | Club Wellness Hungary<\/title>\n<meta name=\"description\" content=\"Wellness z\u00e1\u017eitok na piatich miestach 500 EUR z\u013eava, ktor\u00fa naozaj aj z\u00edska\u0161 Na\u0161e ubytovania hovoria samy za seba Zalakaros, Velence, Si\u00f3fok,\" \/>\n<meta name=\"robots\" content=\"index, follow, max-snippet:-1, max-image-preview:large, max-video-preview:-1\" \/>\n<link rel=\"canonical\" href=\"https:\/\/clubwellnesshungary.com\/rolunk\/\" \/>\n<meta property=\"og:locale\" content=\"sk_SK\" \/>\n<meta property=\"og:type\" content=\"article\" \/>\n<meta property=\"og:title\" content=\"O n\u00e1s | Club Wellness Hungary\" \/>\n<meta property=\"og:description\" content=\"Wellness z\u00e1\u017eitok na piatich miestach 500 EUR z\u013eava, ktor\u00fa naozaj aj z\u00edska\u0161 Na\u0161e ubytovania hovoria samy za seba Zalakaros, Velence, Si\u00f3fok,\" \/>\n<meta property=\"og:url\" content=\"https:\/\/clubwellnesshungary.com\/rolunk\/\" \/>\n<meta property=\"og:site_name\" content=\"Club Wellness Hungary\" \/>\n<meta property=\"article:modified_time\" content=\"2026-01-31T14:06:09+00:00\" \/>\n<meta property=\"og:image\" content=\"https:\/\/clubwellnesshungary.com\/wp-content\/uploads\/2025\/07\/medence.jpg\" \/>\n<meta name=\"twitter:card\" content=\"summary_large_image\" \/>\n<meta name=\"twitter:label1\" content=\"Predpokladan\u00fd \u010das \u010d\u00edtania\" \/>\n\t<meta name=\"twitter:data1\" content=\"2 min\u00faty\" \/>\n<script type=\"application\/ld+json\" class=\"yoast-schema-graph\">{\"@context\":\"https:\/\/schema.org\",\"@graph\":[{\"@type\":\"WebPage\",\"@id\":\"https:\/\/clubwellnesshungary.com\/rolunk\/\",\"url\":\"https:\/\/clubwellnesshungary.com\/rolunk\/\",\"name\":\"O n\u00e1s | Club Wellness Hungary\",\"isPartOf\":{\"@id\":\"https:\/\/clubwellnesshungary.com\/#website\"},\"primaryImageOfPage\":{\"@id\":\"https:\/\/clubwellnesshungary.com\/rolunk\/#primaryimage\"},\"image\":{\"@id\":\"https:\/\/clubwellnesshungary.com\/rolunk\/#primaryimage\"},\"thumbnailUrl\":\"https:\/\/clubwellnesshungary.com\/wp-content\/uploads\/2025\/07\/medence.jpg\",\"datePublished\":\"2021-10-12T13:51:09+00:00\",\"dateModified\":\"2026-01-31T14:06:09+00:00\",\"description\":\"Wellness z\u00e1\u017eitok na piatich miestach 500 EUR z\u013eava, ktor\u00fa naozaj aj z\u00edska\u0161 Na\u0161e ubytovania hovoria samy za seba Zalakaros, Velence, Si\u00f3fok,\",\"breadcrumb\":{\"@id\":\"https:\/\/clubwellnesshungary.com\/rolunk\/#breadcrumb\"},\"inLanguage\":\"sk-SK\",\"potentialAction\":[{\"@type\":\"ReadAction\",\"target\":[\"https:\/\/clubwellnesshungary.com\/rolunk\/\"]}]},{\"@type\":\"ImageObject\",\"inLanguage\":\"sk-SK\",\"@id\":\"https:\/\/clubwellnesshungary.com\/rolunk\/#primaryimage\",\"url\":\"https:\/\/clubwellnesshungary.com\/wp-content\/uploads\/2025\/07\/medence.jpg\",\"contentUrl\":\"https:\/\/clubwellnesshungary.com\/wp-content\/uploads\/2025\/07\/medence.jpg\"},{\"@type\":\"BreadcrumbList\",\"@id\":\"https:\/\/clubwellnesshungary.com\/rolunk\/#breadcrumb\",\"itemListElement\":[{\"@type\":\"ListItem\",\"position\":1,\"name\":\"Kezd\u0151lap\",\"item\":\"https:\/\/clubwellnesshungary.com\/\"},{\"@type\":\"ListItem\",\"position\":2,\"name\":\"O n\u00e1s\"}]},{\"@type\":\"WebSite\",\"@id\":\"https:\/\/clubwellnesshungary.com\/#website\",\"url\":\"https:\/\/clubwellnesshungary.com\/\",\"name\":\"Club Wellness Hungary\",\"description\":\"A csal\u00e1di \u00fcd\u00fcl\u00e9s!\",\"publisher\":{\"@id\":\"https:\/\/clubwellnesshungary.com\/#organization\"},\"potentialAction\":[{\"@type\":\"SearchAction\",\"target\":{\"@type\":\"EntryPoint\",\"urlTemplate\":\"https:\/\/clubwellnesshungary.com\/?s={search_term_string}\"},\"query-input\":{\"@type\":\"PropertyValueSpecification\",\"valueRequired\":true,\"valueName\":\"search_term_string\"}}],\"inLanguage\":\"sk-SK\"},{\"@type\":\"Organization\",\"@id\":\"https:\/\/clubwellnesshungary.com\/#organization\",\"name\":\"Club Wellness Hungary\",\"alternateName\":\"Rodinn\u00e1 dovolenka!\",\"url\":\"https:\/\/clubwellnesshungary.com\/\",\"logo\":{\"@type\":\"ImageObject\",\"inLanguage\":\"sk-SK\",\"@id\":\"https:\/\/clubwellnesshungary.com\/#\/schema\/logo\/image\/\",\"url\":\"https:\/\/clubwellnesshungary.com\/wp-content\/uploads\/2021\/08\/clubwellnesshungary-1.png\",\"contentUrl\":\"https:\/\/clubwellnesshungary.com\/wp-content\/uploads\/2021\/08\/clubwellnesshungary-1.png\",\"width\":595,\"height\":369,\"caption\":\"Club Wellness Hungary\"},\"image\":{\"@id\":\"https:\/\/clubwellnesshungary.com\/#\/schema\/logo\/image\/\"}}]}<\/script>\n<!-- \/ Yoast SEO Premium plugin. -->","yoast_head_json":{"title":"O n\u00e1s | Club Wellness Hungary","description":"Wellness z\u00e1\u017eitok na piatich miestach 500 EUR z\u013eava, ktor\u00fa naozaj aj z\u00edska\u0161 Na\u0161e ubytovania hovoria samy za seba Zalakaros, Velence, Si\u00f3fok,","robots":{"index":"index","follow":"follow","max-snippet":"max-snippet:-1","max-image-preview":"max-image-preview:large","max-video-preview":"max-video-preview:-1"},"canonical":"https:\/\/clubwellnesshungary.com\/rolunk\/","og_locale":"sk_SK","og_type":"article","og_title":"O n\u00e1s | Club Wellness Hungary","og_description":"Wellness z\u00e1\u017eitok na piatich miestach 500 EUR z\u013eava, ktor\u00fa naozaj aj z\u00edska\u0161 Na\u0161e ubytovania hovoria samy za seba Zalakaros, Velence, Si\u00f3fok,","og_url":"https:\/\/clubwellnesshungary.com\/rolunk\/","og_site_name":"Club Wellness Hungary","article_modified_time":"2026-01-31T14:06:09+00:00","og_image":[{"url":"https:\/\/clubwellnesshungary.com\/wp-content\/uploads\/2025\/07\/medence.jpg","type":"","width":"","height":""}],"twitter_card":"summary_large_image","twitter_misc":{"Predpokladan\u00fd \u010das \u010d\u00edtania":"2 min\u00faty"},"schema":{"@context":"https:\/\/schema.org","@graph":[{"@type":"WebPage","@id":"https:\/\/clubwellnesshungary.com\/rolunk\/","url":"https:\/\/clubwellnesshungary.com\/rolunk\/","name":"O n\u00e1s | Club Wellness Hungary","isPartOf":{"@id":"https:\/\/clubwellnesshungary.com\/#website"},"primaryImageOfPage":{"@id":"https:\/\/clubwellnesshungary.com\/rolunk\/#primaryimage"},"image":{"@id":"https:\/\/clubwellnesshungary.com\/rolunk\/#primaryimage"},"thumbnailUrl":"https:\/\/clubwellnesshungary.com\/wp-content\/uploads\/2025\/07\/medence.jpg","datePublished":"2021-10-12T13:51:09+00:00","dateModified":"2026-01-31T14:06:09+00:00","description":"Wellness z\u00e1\u017eitok na piatich miestach 500 EUR z\u013eava, ktor\u00fa naozaj aj z\u00edska\u0161 Na\u0161e ubytovania hovoria samy za seba Zalakaros, Velence, Si\u00f3fok,","breadcrumb":{"@id":"https:\/\/clubwellnesshungary.com\/rolunk\/#breadcrumb"},"inLanguage":"sk-SK","potentialAction":[{"@type":"ReadAction","target":["https:\/\/clubwellnesshungary.com\/rolunk\/"]}]},{"@type":"ImageObject","inLanguage":"sk-SK","@id":"https:\/\/clubwellnesshungary.com\/rolunk\/#primaryimage","url":"https:\/\/clubwellnesshungary.com\/wp-content\/uploads\/2025\/07\/medence.jpg","contentUrl":"https:\/\/clubwellnesshungary.com\/wp-content\/uploads\/2025\/07\/medence.jpg"},{"@type":"BreadcrumbList","@id":"https:\/\/clubwellnesshungary.com\/rolunk\/#breadcrumb","itemListElement":[{"@type":"ListItem","position":1,"name":"Kezd\u0151lap","item":"https:\/\/clubwellnesshungary.com\/"},{"@type":"ListItem","position":2,"name":"O n\u00e1s"}]},{"@type":"WebSite","@id":"https:\/\/clubwellnesshungary.com\/#website","url":"https:\/\/clubwellnesshungary.com\/","name":"Club Wellness Hungary","description":"A csal\u00e1di \u00fcd\u00fcl\u00e9s!","publisher":{"@id":"https:\/\/clubwellnesshungary.com\/#organization"},"potentialAction":[{"@type":"SearchAction","target":{"@type":"EntryPoint","urlTemplate":"https:\/\/clubwellnesshungary.com\/?s={search_term_string}"},"query-input":{"@type":"PropertyValueSpecification","valueRequired":true,"valueName":"search_term_string"}}],"inLanguage":"sk-SK"},{"@type":"Organization","@id":"https:\/\/clubwellnesshungary.com\/#organization","name":"Club Wellness Hungary","alternateName":"Rodinn\u00e1 dovolenka!","url":"https:\/\/clubwellnesshungary.com\/","logo":{"@type":"ImageObject","inLanguage":"sk-SK","@id":"https:\/\/clubwellnesshungary.com\/#\/schema\/logo\/image\/","url":"https:\/\/clubwellnesshungary.com\/wp-content\/uploads\/2021\/08\/clubwellnesshungary-1.png","contentUrl":"https:\/\/clubwellnesshungary.com\/wp-content\/uploads\/2021\/08\/clubwellnesshungary-1.png","width":595,"height":369,"caption":"Club Wellness Hungary"},"image":{"@id":"https:\/\/clubwellnesshungary.com\/#\/schema\/logo\/image\/"}}]}},"_links":{"self":[{"href":"https:\/\/clubwellnesshungary.com\/sk\/wp-json\/wp\/v2\/pages\/30081","targetHints":{"allow":["GET"]}}],"collection":[{"href":"https:\/\/clubwellnesshungary.com\/sk\/wp-json\/wp\/v2\/pages"}],"about":[{"href":"https:\/\/clubwellnesshungary.com\/sk\/wp-json\/wp\/v2\/types\/page"}],"author":[{"embeddable":true,"href":"https:\/\/clubwellnesshungary.com\/sk\/wp-json\/wp\/v2\/users\/1"}],"replies":[{"embeddable":true,"href":"https:\/\/clubwellnesshungary.com\/sk\/wp-json\/wp\/v2\/comments?post=30081"}],"version-history":[{"count":0,"href":"https:\/\/clubwellnesshungary.com\/sk\/wp-json\/wp\/v2\/pages\/30081\/revisions"}],"wp:attachment":[{"href":"https:\/\/clubwellnesshungary.com\/sk\/wp-json\/wp\/v2\/media?parent=30081"}],"curies":[{"name":"wp","href":"https:\/\/api.w.org\/{rel}","templated":true}]}}