{"id":30106,"date":"2025-07-22T11:19:16","date_gmt":"2025-07-22T09:19:16","guid":{"rendered":"https:\/\/clubwellnesshungary.com\/utalvany-reszletei\/"},"modified":"2026-01-31T15:00:21","modified_gmt":"2026-01-31T14:00:21","slug":"utalvany-reszletei","status":"publish","type":"page","link":"https:\/\/clubwellnesshungary.com\/sk\/utalvany-reszletei\/","title":{"rendered":"Poukazy"},"content":{"rendered":"\t\t<div data-elementor-type=\"wp-page\" data-elementor-id=\"30106\" class=\"elementor elementor-30106 elementor-29069\" data-elementor-post-type=\"page\">\n\t\t\t\t<div class=\"wd-negative-gap elementor-element elementor-element-d9d9587 e-flex e-con-boxed e-con e-parent\" data-id=\"d9d9587\" data-element_type=\"container\">\n\t\t\t\t\t<div class=\"e-con-inner\">\n\t\t\t\t<div class=\"elementor-element elementor-element-1b74294 wd-width-100 elementor-widget elementor-widget-wd_title\" data-id=\"1b74294\" data-element_type=\"widget\" data-widget_type=\"wd_title.default\">\n\t\t\t\t<div class=\"elementor-widget-container\">\n\t\t\t\t\t\t\t<div class=\"title-wrapper wd-set-mb reset-last-child wd-title-color-default wd-title-style-default wd-title-size-default text-center\">\n\n\t\t\t\n\t\t\t<div class=\"liner-continer\">\n\t\t\t\t<h4 class=\"woodmart-title-container title wd-fontsize-l\">\ud83c\udf9f\ufe0f Klubtagoknak extra kedvezm\u00e9ny!<br \/>\n<\/h4> \n\t\t\t\t\t\t\t<\/div>\n\n\t\t\t\t\t\t\t<div class=\"title-after_title reset-last-child wd-fontsize-xs\">\n\t\t\t\t\t<h3><strong>Pridaj sa k n\u00e1m a z\u00edskaj 50 % z\u013eavu!<\/strong><br \/>V\u00fdhody dovolenkov\u00e9ho klubu, \u010fal\u0161ie inform\u00e1cie<\/h3><h3>Sme v\u00e1m k dispoz\u00edcii po\u010das pracovnej doby:<br \/><strong>+36 30 395 1960<\/strong><\/h3><p>Na\u0161e poukazy opr\u00e1v\u0148uj\u00fa ich dr\u017eite\u013eov na uplatnenie zliav z ceny ubytovania v ubytovac\u00edch zariadeniach <strong>Club Karos Spa<\/strong>**. Hodnota poukazu sa ur\u010duje pod\u013ea stredn\u00e9ho kurzu MNB platn\u00e9ho v de\u0148 rezerv\u00e1cie. Poukaz je platn\u00fd do d\u00e1tumu uveden\u00e9ho na poukaze. Platnos\u0165 je mo\u017en\u00e9 jednorazovo pred\u013a\u017ei\u0165 o pol roka. Z\u013eavy je mo\u017en\u00e9 uplatni\u0165 z akciov\u00fdch cien zverejnen\u00fdch na na\u0161ej webovej str\u00e1nke iba v pr\u00edpade, \u017ee je to pri danej akcii v\u00fdslovne uveden\u00e9; z\u013eavy nie je mo\u017en\u00e9 kombinova\u0165 s in\u00fdmi z\u013eavami. Poukazy s\u00fa bez obmedzen\u00ed prenosn\u00e9. Aktu\u00e1lne akcie n\u00e1jdete na webovej str\u00e1nke <strong><a class=\"decorated-link\" href=\"http:\/\/www.clubkaros.hu\" target=\"_new\" rel=\"noopener\">www.clubkaros.hu<\/a><\/strong> v sekcii Aktuality alebo Akcie. Podrobnej\u0161ie inform\u00e1cie a rezerv\u00e1cie s\u00fa dostupn\u00e9 na kontaktoch uveden\u00fdch na poukaze alebo v sekcii Kontakty na webovej str\u00e1nke, telefonicky alebo e-mailom.<\/p><p><strong>Dovolenkov\u00fd poukaz v hodnote 500 EUR<\/strong><\/p><p>Poukaz sa uplat\u0148uje jednorazovo ako z\u013eava z ceny na\u0161ich dovolenkov\u00fdch bal\u00edkov v trvan\u00ed minim\u00e1lne 7 dn\u00ed pre minim\u00e1lne 2 dospel\u00e9 osoby. Poukaz je mo\u017en\u00e9 rozdeli\u0165 aj na \u010dasti po 100 EUR, pod\u013ea podmienok uveden\u00fdch pri uplatnen\u00ed wellness poukazu v hodnote 100 EUR.<\/p>\u00a0\u00a0\u00a0\t\t\t\t<\/div>\n\t\t\t\t\t<\/div>\n\t\t\t\t\t\t<\/div>\n\t\t\t\t<\/div>\n\t\t\t\t\t<\/div>\n\t\t\t\t<\/div>\n\t\t<div class=\"wd-negative-gap elementor-element elementor-element-3204909 e-flex e-con-boxed e-con e-parent\" data-id=\"3204909\" data-element_type=\"container\">\n\t\t\t\t\t<div class=\"e-con-inner\">\n\t\t\t\t<div class=\"elementor-element elementor-element-805cdec elementor-widget elementor-widget-image\" data-id=\"805cdec\" data-element_type=\"widget\" data-widget_type=\"image.default\">\n\t\t\t\t\t\t\t\t\t\t\t\t\t\t\t<img loading=\"lazy\" decoding=\"async\" width=\"1300\" height=\"654\" src=\"https:\/\/clubwellnesshungary.com\/wp-content\/uploads\/2025\/07\/webre500-1300x654.png\" class=\"attachment-large size-large wp-image-30107\" alt=\"\" srcset=\"https:\/\/clubwellnesshungary.com\/wp-content\/uploads\/2025\/07\/webre500-1300x654.png 1300w, https:\/\/clubwellnesshungary.com\/wp-content\/uploads\/2025\/07\/webre500-400x201.png 400w, https:\/\/clubwellnesshungary.com\/wp-content\/uploads\/2025\/07\/webre500-768x386.png 768w, https:\/\/clubwellnesshungary.com\/wp-content\/uploads\/2025\/07\/webre500-1536x773.png 1536w, https:\/\/clubwellnesshungary.com\/wp-content\/uploads\/2025\/07\/webre500-2048x1030.png 2048w, https:\/\/clubwellnesshungary.com\/wp-content\/uploads\/2025\/07\/webre500-430x216.png 430w, https:\/\/clubwellnesshungary.com\/wp-content\/uploads\/2025\/07\/webre500-700x352.png 700w, https:\/\/clubwellnesshungary.com\/wp-content\/uploads\/2025\/07\/webre500-150x75.png 150w\" sizes=\"auto, (max-width: 1300px) 100vw, 1300px\" \/>\t\t\t\t\t\t\t\t\t\t\t\t\t\t\t<\/div>\n\t\t\t\t\t<\/div>\n\t\t\t\t<\/div>\n\t\t<div class=\"wd-negative-gap elementor-element elementor-element-0cff368 e-flex e-con-boxed e-con e-parent\" data-id=\"0cff368\" data-element_type=\"container\">\n\t\t\t\t\t<div class=\"e-con-inner\">\n\t\t\t\t<div class=\"elementor-element elementor-element-78fd860 wd-width-100 elementor-widget elementor-widget-wd_title\" data-id=\"78fd860\" data-element_type=\"widget\" data-widget_type=\"wd_title.default\">\n\t\t\t\t<div class=\"elementor-widget-container\">\n\t\t\t\t\t\t\t<div class=\"title-wrapper wd-set-mb reset-last-child wd-title-color-default wd-title-style-default wd-title-size-default text-center\">\n\n\t\t\t\n\t\t\t<div class=\"liner-continer\">\n\t\t\t\t<h4 class=\"woodmart-title-container title wd-fontsize-l\"><\/h4> \n\t\t\t\t\t\t\t<\/div>\n\n\t\t\t\t\t\t\t<div class=\"title-after_title reset-last-child wd-fontsize-xs\">\n\t\t\t\t\t<h3>\ud83d\udccc <strong>Ako to funguje?<\/strong><\/h3><p>Wellness poukaz v hodnote <strong>500 EUR<\/strong> je mo\u017en\u00e9 uplatni\u0165 pri rezerv\u00e1cii pobytu na <strong>3\u20137 noc\u00ed pre 2 osoby<\/strong>, pri\u010dom sa z\u013eava odpo\u010d\u00edta <strong>jednorazovo z ceny bal\u00edka<\/strong>.<\/p><p>Ak cestuje\u0161 na krat\u0161\u00ed pobyt alebo v men\u0161ej skupine, aj vtedy m\u00e1\u0161 mo\u017enos\u0165 poukaz vyu\u017ei\u0165:<br \/>poukaz je mo\u017en\u00e9 <strong>rozdeli\u0165 na \u010dasti po 100 EUR<\/strong>, tak\u017ee ho m\u00f4\u017ee\u0161 pou\u017ei\u0165 <strong>viackr\u00e1t<\/strong>.<\/p><p>V\u00fd\u0161ka z\u013eavy sa vypo\u010d\u00edta pod\u013ea <strong>aktu\u00e1lneho stredn\u00e9ho kurzu MNB<\/strong> platn\u00e9ho v de\u0148 rezerv\u00e1cie.<\/p><p>Poukaz je <strong>platn\u00fd do d\u00e1tumu uveden\u00e9ho na poukaze<\/strong> a jeho platnos\u0165 je mo\u017en\u00e9 <strong>jednorazovo pred\u013a\u017ei\u0165 o 6 mesiacov<\/strong>.<\/p><p>Z\u013eavu je mo\u017en\u00e9 uplatni\u0165 aj na <strong>akciov\u00e9 ceny uveden\u00e9 na webovej str\u00e1nke<\/strong>, ak je to pri konkr\u00e9tnej ponuke v\u00fdslovne uveden\u00e9. Z\u013eavu v\u0161ak <strong>nie je mo\u017en\u00e9 kombinova\u0165 s in\u00fdmi z\u013eavami<\/strong>.<\/p><p>Poukaz <strong>nie je viazan\u00fd na meno<\/strong>, je <strong>vo\u013ene prenosn\u00fd<\/strong> \u2013 m\u00f4\u017ee\u0161 ho darova\u0165 priate\u013eovi, rodinn\u00e9mu pr\u00edslu\u0161n\u00edkovi \u010di kolegovi. Je ide\u00e1lny aj ako <strong>viano\u010dn\u00fd dar\u010dek<\/strong>!<\/p><p>\ud83e\uddf3 <strong>Na \u010do m\u00f4\u017ee\u0161 poukaz vyu\u017ei\u0165?<\/strong><\/p><p>Poukaz je platn\u00fd vo v\u0161etk\u00fdch ubytovac\u00edch zariadeniach <strong>Club Karos Spa<\/strong>**:<\/p><p>\ud83c\udfe8 <strong>Zalakaros<\/strong> \u2013 priamo pri zn\u00e1mom term\u00e1lnom k\u00fapalisku<br \/>\ud83c\udfde\ufe0f <strong>Velence<\/strong> \u2013 priamo pri jazere, so saunami a v\u00edrivkami<br \/>\ud83c\udf0a <strong>Si\u00f3fok<\/strong> \u2013 luxusn\u00e9 apartm\u00e1ny pri Balatone po cel\u00fd rok<br \/>\ud83c\udf32 <strong>Dunaszentmikl\u00f3s<\/strong> \u2013 pr\u00e9miov\u00e9 apartm\u00e1ny v bl\u00edzkosti pr\u00edrody<br \/>\ud83c\udded\ud83c\uddf7 <strong>Vodice (Chorv\u00e1tsko)<\/strong> \u2013 apartm\u00e1ny pri stredomorskom pobre\u017e\u00ed<\/p><p>\ud83c\udfaf <strong>Pre koho to odpor\u00fa\u010dame?<\/strong><\/p><p>\ud83d\udc68\u200d\ud83d\udc69\u200d\ud83d\udc67\u200d\ud83d\udc66 <strong>Pre rodiny<\/strong> \u2013 U\u0161etri a\u017e <strong>500 EUR<\/strong> aj pri dovolenke pre 3\u20134 osoby<br \/>\ud83e\uddf3 <strong>Pre skupiny priate\u013eov<\/strong> \u2013 Spolo\u010dn\u00e9 z\u00e1\u017eitky, rozdelen\u00e9 n\u00e1klady, e\u0161te viac smiechu<br \/>\ud83c\udfe2 <strong>Pre firmy<\/strong> \u2013 Ide\u00e1lna odmena na teambuilding, ktor\u00fa si ka\u017ed\u00fd zamiluje<br \/>\ud83c\udf81 <strong>Ako dar\u010dek<\/strong> \u2013 Luxusn\u00fd oddychov\u00fd z\u00e1\u017eitok, ide\u00e1lny na Vianoce \u010di v\u00fdro\u010die<\/p>\t\t\t\t<\/div>\n\t\t\t\t\t<\/div>\n\t\t\t\t\t\t<\/div>\n\t\t\t\t<\/div>\n\t\t\t\t\t<\/div>\n\t\t\t\t<\/div>\n\t\t\t\t<\/div>\n\t\t","protected":false},"excerpt":{"rendered":"<p>\ud83c\udf9f\ufe0f Klubtagoknak extra kedvezm\u00e9ny! Pridaj sa k n\u00e1m a z\u00edskaj 50 % z\u013eavu!V\u00fdhody dovolenkov\u00e9ho klubu, \u010fal\u0161ie inform\u00e1cie Sme v\u00e1m k<\/p>\n","protected":false},"author":1,"featured_media":30108,"parent":0,"menu_order":0,"comment_status":"closed","ping_status":"closed","template":"elementor_header_footer","meta":{"footnotes":""},"class_list":["post-30106","page","type-page","status-publish","has-post-thumbnail","hentry"],"yoast_head":"<!-- This site is optimized with the Yoast SEO Premium plugin v26.8 (Yoast SEO v26.8) - https:\/\/yoast.com\/product\/yoast-seo-premium-wordpress\/ -->\n<title>Poukazy | Club Wellness Hungary<\/title>\n<meta name=\"description\" content=\"\ud83c\udf9f\ufe0f Klubtagoknak extra kedvezm\u00e9ny! Pridaj sa k n\u00e1m a z\u00edskaj 50 % z\u013eavu!V\u00fdhody dovolenkov\u00e9ho klubu, \u010fal\u0161ie inform\u00e1cieSme v\u00e1m k dispoz\u00edcii po\u010das pracovnej\" \/>\n<meta name=\"robots\" content=\"index, follow, max-snippet:-1, max-image-preview:large, max-video-preview:-1\" \/>\n<link rel=\"canonical\" href=\"https:\/\/clubwellnesshungary.com\/utalvany-reszletei\/\" \/>\n<meta property=\"og:locale\" content=\"sk_SK\" \/>\n<meta property=\"og:type\" content=\"article\" \/>\n<meta property=\"og:title\" content=\"Poukazy | Club Wellness Hungary\" \/>\n<meta property=\"og:description\" content=\"\ud83c\udf9f\ufe0f Klubtagoknak extra kedvezm\u00e9ny! Pridaj sa k n\u00e1m a z\u00edskaj 50 % z\u013eavu!V\u00fdhody dovolenkov\u00e9ho klubu, \u010fal\u0161ie inform\u00e1cieSme v\u00e1m k dispoz\u00edcii po\u010das pracovnej\" \/>\n<meta property=\"og:url\" content=\"https:\/\/clubwellnesshungary.com\/utalvany-reszletei\/\" \/>\n<meta property=\"og:site_name\" content=\"Club Wellness Hungary\" \/>\n<meta property=\"article:modified_time\" content=\"2026-01-31T14:00:21+00:00\" \/>\n<meta property=\"og:image\" content=\"https:\/\/clubwellnesshungary.com\/wp-content\/uploads\/2021\/10\/travel-blog-img-1.jpg\" \/>\n\t<meta property=\"og:image:width\" content=\"1200\" \/>\n\t<meta property=\"og:image:height\" content=\"742\" \/>\n\t<meta property=\"og:image:type\" content=\"image\/jpeg\" \/>\n<meta name=\"twitter:card\" content=\"summary_large_image\" \/>\n<meta name=\"twitter:label1\" content=\"Predpokladan\u00fd \u010das \u010d\u00edtania\" \/>\n\t<meta name=\"twitter:data1\" content=\"3 min\u00faty\" \/>\n<script type=\"application\/ld+json\" class=\"yoast-schema-graph\">{\"@context\":\"https:\/\/schema.org\",\"@graph\":[{\"@type\":\"WebPage\",\"@id\":\"https:\/\/clubwellnesshungary.com\/utalvany-reszletei\/\",\"url\":\"https:\/\/clubwellnesshungary.com\/utalvany-reszletei\/\",\"name\":\"Poukazy | Club Wellness Hungary\",\"isPartOf\":{\"@id\":\"https:\/\/clubwellnesshungary.com\/#website\"},\"primaryImageOfPage\":{\"@id\":\"https:\/\/clubwellnesshungary.com\/utalvany-reszletei\/#primaryimage\"},\"image\":{\"@id\":\"https:\/\/clubwellnesshungary.com\/utalvany-reszletei\/#primaryimage\"},\"thumbnailUrl\":\"https:\/\/clubwellnesshungary.com\/wp-content\/uploads\/2021\/10\/travel-blog-img-1.jpg\",\"datePublished\":\"2025-07-22T09:19:16+00:00\",\"dateModified\":\"2026-01-31T14:00:21+00:00\",\"description\":\"\ud83c\udf9f\ufe0f Klubtagoknak extra kedvezm\u00e9ny! Pridaj sa k n\u00e1m a z\u00edskaj 50 % z\u013eavu!V\u00fdhody dovolenkov\u00e9ho klubu, \u010fal\u0161ie inform\u00e1cieSme v\u00e1m k dispoz\u00edcii po\u010das pracovnej\",\"breadcrumb\":{\"@id\":\"https:\/\/clubwellnesshungary.com\/utalvany-reszletei\/#breadcrumb\"},\"inLanguage\":\"sk-SK\",\"potentialAction\":[{\"@type\":\"ReadAction\",\"target\":[\"https:\/\/clubwellnesshungary.com\/utalvany-reszletei\/\"]}]},{\"@type\":\"ImageObject\",\"inLanguage\":\"sk-SK\",\"@id\":\"https:\/\/clubwellnesshungary.com\/utalvany-reszletei\/#primaryimage\",\"url\":\"https:\/\/clubwellnesshungary.com\/wp-content\/uploads\/2021\/10\/travel-blog-img-1.jpg\",\"contentUrl\":\"https:\/\/clubwellnesshungary.com\/wp-content\/uploads\/2021\/10\/travel-blog-img-1.jpg\",\"width\":1200,\"height\":742},{\"@type\":\"BreadcrumbList\",\"@id\":\"https:\/\/clubwellnesshungary.com\/utalvany-reszletei\/#breadcrumb\",\"itemListElement\":[{\"@type\":\"ListItem\",\"position\":1,\"name\":\"Kezd\u0151lap\",\"item\":\"https:\/\/clubwellnesshungary.com\/\"},{\"@type\":\"ListItem\",\"position\":2,\"name\":\"Poukazy\"}]},{\"@type\":\"WebSite\",\"@id\":\"https:\/\/clubwellnesshungary.com\/#website\",\"url\":\"https:\/\/clubwellnesshungary.com\/\",\"name\":\"Club Wellness Hungary\",\"description\":\"A csal\u00e1di \u00fcd\u00fcl\u00e9s!\",\"publisher\":{\"@id\":\"https:\/\/clubwellnesshungary.com\/#organization\"},\"potentialAction\":[{\"@type\":\"SearchAction\",\"target\":{\"@type\":\"EntryPoint\",\"urlTemplate\":\"https:\/\/clubwellnesshungary.com\/?s={search_term_string}\"},\"query-input\":{\"@type\":\"PropertyValueSpecification\",\"valueRequired\":true,\"valueName\":\"search_term_string\"}}],\"inLanguage\":\"sk-SK\"},{\"@type\":\"Organization\",\"@id\":\"https:\/\/clubwellnesshungary.com\/#organization\",\"name\":\"Club Wellness Hungary\",\"alternateName\":\"Rodinn\u00e1 dovolenka!\",\"url\":\"https:\/\/clubwellnesshungary.com\/\",\"logo\":{\"@type\":\"ImageObject\",\"inLanguage\":\"sk-SK\",\"@id\":\"https:\/\/clubwellnesshungary.com\/#\/schema\/logo\/image\/\",\"url\":\"https:\/\/clubwellnesshungary.com\/wp-content\/uploads\/2021\/08\/clubwellnesshungary-1.png\",\"contentUrl\":\"https:\/\/clubwellnesshungary.com\/wp-content\/uploads\/2021\/08\/clubwellnesshungary-1.png\",\"width\":595,\"height\":369,\"caption\":\"Club Wellness Hungary\"},\"image\":{\"@id\":\"https:\/\/clubwellnesshungary.com\/#\/schema\/logo\/image\/\"}}]}<\/script>\n<!-- \/ Yoast SEO Premium plugin. -->","yoast_head_json":{"title":"Poukazy | Club Wellness Hungary","description":"\ud83c\udf9f\ufe0f Klubtagoknak extra kedvezm\u00e9ny! Pridaj sa k n\u00e1m a z\u00edskaj 50 % z\u013eavu!V\u00fdhody dovolenkov\u00e9ho klubu, \u010fal\u0161ie inform\u00e1cieSme v\u00e1m k dispoz\u00edcii po\u010das pracovnej","robots":{"index":"index","follow":"follow","max-snippet":"max-snippet:-1","max-image-preview":"max-image-preview:large","max-video-preview":"max-video-preview:-1"},"canonical":"https:\/\/clubwellnesshungary.com\/utalvany-reszletei\/","og_locale":"sk_SK","og_type":"article","og_title":"Poukazy | Club Wellness Hungary","og_description":"\ud83c\udf9f\ufe0f Klubtagoknak extra kedvezm\u00e9ny! Pridaj sa k n\u00e1m a z\u00edskaj 50 % z\u013eavu!V\u00fdhody dovolenkov\u00e9ho klubu, \u010fal\u0161ie inform\u00e1cieSme v\u00e1m k dispoz\u00edcii po\u010das pracovnej","og_url":"https:\/\/clubwellnesshungary.com\/utalvany-reszletei\/","og_site_name":"Club Wellness Hungary","article_modified_time":"2026-01-31T14:00:21+00:00","og_image":[{"width":1200,"height":742,"url":"https:\/\/clubwellnesshungary.com\/wp-content\/uploads\/2021\/10\/travel-blog-img-1.jpg","type":"image\/jpeg"}],"twitter_card":"summary_large_image","twitter_misc":{"Predpokladan\u00fd \u010das \u010d\u00edtania":"3 min\u00faty"},"schema":{"@context":"https:\/\/schema.org","@graph":[{"@type":"WebPage","@id":"https:\/\/clubwellnesshungary.com\/utalvany-reszletei\/","url":"https:\/\/clubwellnesshungary.com\/utalvany-reszletei\/","name":"Poukazy | Club Wellness Hungary","isPartOf":{"@id":"https:\/\/clubwellnesshungary.com\/#website"},"primaryImageOfPage":{"@id":"https:\/\/clubwellnesshungary.com\/utalvany-reszletei\/#primaryimage"},"image":{"@id":"https:\/\/clubwellnesshungary.com\/utalvany-reszletei\/#primaryimage"},"thumbnailUrl":"https:\/\/clubwellnesshungary.com\/wp-content\/uploads\/2021\/10\/travel-blog-img-1.jpg","datePublished":"2025-07-22T09:19:16+00:00","dateModified":"2026-01-31T14:00:21+00:00","description":"\ud83c\udf9f\ufe0f Klubtagoknak extra kedvezm\u00e9ny! Pridaj sa k n\u00e1m a z\u00edskaj 50 % z\u013eavu!V\u00fdhody dovolenkov\u00e9ho klubu, \u010fal\u0161ie inform\u00e1cieSme v\u00e1m k dispoz\u00edcii po\u010das pracovnej","breadcrumb":{"@id":"https:\/\/clubwellnesshungary.com\/utalvany-reszletei\/#breadcrumb"},"inLanguage":"sk-SK","potentialAction":[{"@type":"ReadAction","target":["https:\/\/clubwellnesshungary.com\/utalvany-reszletei\/"]}]},{"@type":"ImageObject","inLanguage":"sk-SK","@id":"https:\/\/clubwellnesshungary.com\/utalvany-reszletei\/#primaryimage","url":"https:\/\/clubwellnesshungary.com\/wp-content\/uploads\/2021\/10\/travel-blog-img-1.jpg","contentUrl":"https:\/\/clubwellnesshungary.com\/wp-content\/uploads\/2021\/10\/travel-blog-img-1.jpg","width":1200,"height":742},{"@type":"BreadcrumbList","@id":"https:\/\/clubwellnesshungary.com\/utalvany-reszletei\/#breadcrumb","itemListElement":[{"@type":"ListItem","position":1,"name":"Kezd\u0151lap","item":"https:\/\/clubwellnesshungary.com\/"},{"@type":"ListItem","position":2,"name":"Poukazy"}]},{"@type":"WebSite","@id":"https:\/\/clubwellnesshungary.com\/#website","url":"https:\/\/clubwellnesshungary.com\/","name":"Club Wellness Hungary","description":"A csal\u00e1di \u00fcd\u00fcl\u00e9s!","publisher":{"@id":"https:\/\/clubwellnesshungary.com\/#organization"},"potentialAction":[{"@type":"SearchAction","target":{"@type":"EntryPoint","urlTemplate":"https:\/\/clubwellnesshungary.com\/?s={search_term_string}"},"query-input":{"@type":"PropertyValueSpecification","valueRequired":true,"valueName":"search_term_string"}}],"inLanguage":"sk-SK"},{"@type":"Organization","@id":"https:\/\/clubwellnesshungary.com\/#organization","name":"Club Wellness Hungary","alternateName":"Rodinn\u00e1 dovolenka!","url":"https:\/\/clubwellnesshungary.com\/","logo":{"@type":"ImageObject","inLanguage":"sk-SK","@id":"https:\/\/clubwellnesshungary.com\/#\/schema\/logo\/image\/","url":"https:\/\/clubwellnesshungary.com\/wp-content\/uploads\/2021\/08\/clubwellnesshungary-1.png","contentUrl":"https:\/\/clubwellnesshungary.com\/wp-content\/uploads\/2021\/08\/clubwellnesshungary-1.png","width":595,"height":369,"caption":"Club Wellness Hungary"},"image":{"@id":"https:\/\/clubwellnesshungary.com\/#\/schema\/logo\/image\/"}}]}},"_links":{"self":[{"href":"https:\/\/clubwellnesshungary.com\/sk\/wp-json\/wp\/v2\/pages\/30106","targetHints":{"allow":["GET"]}}],"collection":[{"href":"https:\/\/clubwellnesshungary.com\/sk\/wp-json\/wp\/v2\/pages"}],"about":[{"href":"https:\/\/clubwellnesshungary.com\/sk\/wp-json\/wp\/v2\/types\/page"}],"author":[{"embeddable":true,"href":"https:\/\/clubwellnesshungary.com\/sk\/wp-json\/wp\/v2\/users\/1"}],"replies":[{"embeddable":true,"href":"https:\/\/clubwellnesshungary.com\/sk\/wp-json\/wp\/v2\/comments?post=30106"}],"version-history":[{"count":0,"href":"https:\/\/clubwellnesshungary.com\/sk\/wp-json\/wp\/v2\/pages\/30106\/revisions"}],"wp:featuredmedia":[{"embeddable":true,"href":"https:\/\/clubwellnesshungary.com\/sk\/wp-json\/wp\/v2\/media\/30108"}],"wp:attachment":[{"href":"https:\/\/clubwellnesshungary.com\/sk\/wp-json\/wp\/v2\/media?parent=30106"}],"curies":[{"name":"wp","href":"https:\/\/api.w.org\/{rel}","templated":true}]}}